{"id":33985,"date":"2025-08-21T10:06:48","date_gmt":"2025-08-21T03:06:48","guid":{"rendered":"https:\/\/heza.gov.vn\/?page_id=33985"},"modified":"2025-08-21T13:21:31","modified_gmt":"2025-08-21T06:21:31","slug":"hoi-nghi-ket-noi-tuyen-dung-dao-tao-giua-doanh-nghiep-cac-truong-dao-tao-va-chinh-quyen-dia-phuong","status":"publish","type":"page","link":"https:\/\/heza.gov.vn\/?page_id=33985","title":{"rendered":"H\u1ed8I NGH\u1eca K\u1ebeT N\u1ed0I TUY\u1ec2N D\u1ee4NG, \u0110\u00c0O T\u1ea0O GI\u1eeeA DOANH NGHI\u1ec6P, C\u00c1C TR\u01af\u1edcNG \u0110\u00c0O T\u1ea0O V\u00c0 CH\u00cdNH QUY\u1ec0N \u0110\u1ecaA PH\u01af\u01a0NG"},"content":{"rendered":"\t\t<div data-elementor-type=\"wp-page\" data-elementor-id=\"33985\" class=\"elementor elementor-33985\">\n\t\t\t\t\t\t<section class=\"elementor-section elementor-top-section elementor-element elementor-element-d04a7a1 elementor-section-height-min-height elementor-section-stretched elementor-section-boxed elementor-section-height-default elementor-section-items-middle\" data-id=\"d04a7a1\" data-element_type=\"section\" data-settings=\"{&quot;stretch_section&quot;:&quot;section-stretched&quot;,&quot;background_background&quot;:&quot;classic&quot;}\">\n\t\t\t\t\t\t\t<div class=\"elementor-background-overlay\"><\/div>\n\t\t\t\t\t\t\t<div class=\"elementor-container elementor-column-gap-default\">\n\t\t\t\t\t<div class=\"elementor-column elementor-col-100 elementor-top-column elementor-element elementor-element-35d16f4\" data-id=\"35d16f4\" data-element_type=\"column\">\n\t\t\t<div class=\"elementor-widget-wrap\">\n\t\t\t\t\t\t\t<\/div>\n\t\t<\/div>\n\t\t\t\t\t<\/div>\n\t\t<\/section>\n\t\t\t\t<section class=\"elementor-section elementor-top-section elementor-element elementor-element-3a41eef elementor-section-boxed elementor-section-height-default elementor-section-height-default\" data-id=\"3a41eef\" data-element_type=\"section\">\n\t\t\t\t\t\t<div class=\"elementor-container elementor-column-gap-default\">\n\t\t\t\t\t<div class=\"elementor-column elementor-col-100 elementor-top-column elementor-element elementor-element-cdf87cc\" data-id=\"cdf87cc\" data-element_type=\"column\">\n\t\t\t<div class=\"elementor-widget-wrap elementor-element-populated\">\n\t\t\t\t\t\t<div class=\"elementor-element elementor-element-aa56a54 elementor-widget__width-initial elementor-widget elementor-widget-html\" data-id=\"aa56a54\" data-element_type=\"widget\" data-widget_type=\"html.default\">\n\t\t\t\t<div class=\"elementor-widget-container\">\n\t\t\t\t\t<!DOCTYPE html>\r\n<html lang=\"vi\">\r\n<head>\r\n    <meta charset=\"UTF-8\">\r\n    <meta name=\"viewport\" content=\"width=device-width, initial-scale=1.0\">\r\n    <style>\r\n        .scrolling-text {\r\n            font-size: 28px;\r\n            color: #13489e;\r\n            display: flex;\r\n            align-items: center;\r\n            white-space: nowrap;\r\n            overflow: hidden;\r\n            width: 100%;\r\n        }\r\n\r\n        .scrolling-text img {\r\n            width: 64px;\r\n            margin: 0 10px;\r\n        }\r\n\r\n        .scrolling-text span {\r\n            flex: 1;\r\n            text-align: center;\r\n            font-weight: bold;\r\n        }\r\n\r\n        .scrolling-text-wrapper {\r\n            display: flex;\r\n            animation: marquee 20s linear infinite;\r\n        }\r\n\r\n        @keyframes marquee {\r\n            0% {\r\n                transform: translateX(100%);\r\n            }\r\n            100% {\r\n                transform: translateX(-100%);\r\n            }\r\n        }\r\n    <\/style>\r\n    <title>Scrolling Text<\/title>\r\n<\/head>\r\n<body>\r\n\r\n<div class=\"scrolling-text\">\r\n    <div class=\"scrolling-text-wrapper\">\r\n        <img decoding=\"async\" src=\"https:\/\/heza.gov.vn\/wp-content\/uploads\/2023\/08\/Vietnam240animatedflaggifs.gif\" alt=\"Vietnam Flag\">\r\n        <span>H\u1ed8I NGH\u1eca K\u1ebeT N\u1ed0I TUY\u1ec2N D\u1ee4NG, \u0110\u00c0O T\u1ea0O GI\u1eeeA DOANH NGHI\u1ec6P, C\u00c1C TR\u01af\u1edcNG \u0110\u00c0O T\u1ea0O V\u00c0 CH\u00cdNH QUY\u1ec0N \u0110\u1ecaA PH\u01af\u01a0NG<\/span>\r\n        <img decoding=\"async\" src=\"https:\/\/heza.gov.vn\/wp-content\/uploads\/2023\/08\/Vietnam240animatedflaggifs.gif\" alt=\"Vietnam Flag\">\r\n    <\/div>\r\n<\/div>\r\n\r\n<\/body>\r\n<\/html>\t\t\t\t<\/div>\n\t\t\t\t<\/div>\n\t\t\t\t\t<\/div>\n\t\t<\/div>\n\t\t\t\t\t<\/div>\n\t\t<\/section>\n\t\t\t\t<section class=\"elementor-section elementor-top-section elementor-element elementor-element-ab9bd24 elementor-section-boxed elementor-section-height-default elementor-section-height-default\" data-id=\"ab9bd24\" data-element_type=\"section\">\n\t\t\t\t\t\t<div class=\"elementor-container elementor-column-gap-default\">\n\t\t\t\t\t<div class=\"elementor-column elementor-col-50 elementor-top-column elementor-element elementor-element-e0722a0\" data-id=\"e0722a0\" data-element_type=\"column\">\n\t\t\t<div class=\"elementor-widget-wrap elementor-element-populated\">\n\t\t\t\t\t\t<div class=\"elementor-element elementor-element-e8d8f79 elementor-widget elementor-widget-google_maps\" data-id=\"e8d8f79\" data-element_type=\"widget\" data-widget_type=\"google_maps.default\">\n\t\t\t\t<div class=\"elementor-widget-container\">\n\t\t\t\t\t\t\t<div class=\"elementor-custom-embed\">\n\t\t\t<iframe loading=\"lazy\"\n\t\t\t\t\tsrc=\"https:\/\/maps.google.com\/maps?q=5%20P.%20%C4%90inh%20Ti%C3%AAn%20Ho%C3%A0ng%2C%20Minh%20Khai%2C%20H%E1%BB%93ng%20B%C3%A0ng%2C%20H%E1%BA%A3i%20Ph%C3%B2ng%2C%20Vi%E1%BB%87t%20Nam&#038;t=m&#038;z=19&#038;output=embed&#038;iwloc=near\"\n\t\t\t\t\ttitle=\"5 P. \u0110inh Ti\u00ean Ho\u00e0ng, Minh Khai, H\u1ed3ng B\u00e0ng, H\u1ea3i Ph\u00f2ng, Vi\u1ec7t Nam\"\n\t\t\t\t\taria-label=\"5 P. \u0110inh Ti\u00ean Ho\u00e0ng, Minh Khai, H\u1ed3ng B\u00e0ng, H\u1ea3i Ph\u00f2ng, Vi\u1ec7t Nam\"\n\t\t\t><\/iframe>\n\t\t<\/div>\n\t\t\t\t\t\t<\/div>\n\t\t\t\t<\/div>\n\t\t\t\t\t<\/div>\n\t\t<\/div>\n\t\t\t\t<div class=\"elementor-column elementor-col-50 elementor-top-column elementor-element elementor-element-cde3354\" data-id=\"cde3354\" data-element_type=\"column\">\n\t\t\t<div class=\"elementor-widget-wrap elementor-element-populated\">\n\t\t\t\t\t\t<div class=\"elementor-element elementor-element-2c441e9 elementor-widget elementor-widget-image\" data-id=\"2c441e9\" data-element_type=\"widget\" data-widget_type=\"image.default\">\n\t\t\t\t<div class=\"elementor-widget-container\">\n\t\t\t\t\t\t\t\t\t\t\t\t\t\t\t<img loading=\"lazy\" decoding=\"async\" width=\"2560\" height=\"1523\" src=\"https:\/\/heza.gov.vn\/wp-content\/uploads\/2025\/08\/MG_7808.JPG-scaled.webp\" class=\"attachment-full size-full wp-image-34097 not-transparent\" alt=\"\" srcset=\"https:\/\/heza.gov.vn\/wp-content\/uploads\/2025\/08\/MG_7808.JPG-scaled.webp 2560w, https:\/\/heza.gov.vn\/wp-content\/uploads\/2025\/08\/MG_7808.JPG-300x178.webp 300w, https:\/\/heza.gov.vn\/wp-content\/uploads\/2025\/08\/MG_7808.JPG-1024x609.webp 1024w, https:\/\/heza.gov.vn\/wp-content\/uploads\/2025\/08\/MG_7808.JPG-768x457.webp 768w, https:\/\/heza.gov.vn\/wp-content\/uploads\/2025\/08\/MG_7808.JPG-1536x914.webp 1536w, https:\/\/heza.gov.vn\/wp-content\/uploads\/2025\/08\/MG_7808.JPG-2048x1218.webp 2048w\" sizes=\"auto, (max-width: 2560px) 100vw, 2560px\" data-has-transparency=\"false\" data-dominant-color=\"6a7e81\" style=\"--dominant-color: #6a7e81\" \/>\t\t\t\t\t\t\t\t\t\t\t\t\t\t\t<\/div>\n\t\t\t\t<\/div>\n\t\t\t\t<div class=\"elementor-element elementor-element-280635a elementor-widget elementor-widget-html\" data-id=\"280635a\" data-element_type=\"widget\" data-widget_type=\"html.default\">\n\t\t\t\t<div class=\"elementor-widget-container\">\n\t\t\t\t\t<!DOCTYPE html>\r\n<html lang=\"vi\">\r\n<head>\r\n    <meta charset=\"UTF-8\">\r\n    <meta name=\"viewport\" content=\"width=device-width, initial-scale=1.0\">\r\n    <style>\r\n        .scrolling-text {\r\n            font-size: 28px;\r\n            color: #13489e;\r\n            display: flex;\r\n            align-items: center;\r\n            white-space: nowrap;\r\n            overflow: hidden;\r\n            width: 100%;\r\n        }\r\n\r\n        .scrolling-text img {\r\n            width: 64px;\r\n            margin: 0 10px;\r\n        }\r\n\r\n        .scrolling-text span {\r\n            flex: 1;\r\n            text-align: center;\r\n            font-weight: bold;\r\n        }\r\n\r\n        .scrolling-text-wrapper {\r\n            display: flex;\r\n            animation: marquee 20s linear infinite;\r\n        }\r\n\r\n        @keyframes marquee {\r\n            0% {\r\n                transform: translateX(100%);\r\n            }\r\n            100% {\r\n                transform: translateX(-100%);\r\n            }\r\n        }\r\n    <\/style>\r\n    <title>Scrolling Text<\/title>\r\n<\/head>\r\n<body>\r\n\r\n<div class=\"scrolling-text\">\r\n    <div class=\"scrolling-text-wrapper\">\r\n        \r\n        <span>HEZA - BAN QU\u1ea2N L\u00dd KHU KINH T\u1ebe H\u1ea2I PH\u00d2NG<\/span>\r\n        \r\n    <\/div>\r\n<\/div>\r\n\r\n<\/body>\r\n<\/html>\t\t\t\t<\/div>\n\t\t\t\t<\/div>\n\t\t\t\t\t<\/div>\n\t\t<\/div>\n\t\t\t\t\t<\/div>\n\t\t<\/section>\n\t\t\t\t<section class=\"elementor-section elementor-top-section elementor-element elementor-element-5284768 elementor-section-boxed elementor-section-height-default elementor-section-height-default\" data-id=\"5284768\" data-element_type=\"section\">\n\t\t\t\t\t\t<div class=\"elementor-container elementor-column-gap-default\">\n\t\t\t\t\t<div class=\"elementor-column elementor-col-100 elementor-top-column elementor-element elementor-element-98a6829\" data-id=\"98a6829\" data-element_type=\"column\">\n\t\t\t<div class=\"elementor-widget-wrap elementor-element-populated\">\n\t\t\t\t\t\t<div class=\"elementor-element elementor-element-cc51e37 elementor-widget elementor-widget-html\" data-id=\"cc51e37\" data-element_type=\"widget\" data-widget_type=\"html.default\">\n\t\t\t\t<div class=\"elementor-widget-container\">\n\t\t\t\t\t<!DOCTYPE html>\r\n<html lang=\"vi\">\r\n<head>\r\n    <meta charset=\"UTF-8\">\r\n    <meta name=\"viewport\" content=\"width=device-width, initial-scale=1.0\">\r\n    <title>\u0110\u0103ng k\u00fd tham d\u1ef1 h\u1ed9i ngh\u1ecb<\/title>\r\n    <style>\r\n        \/* \u0110\u1eb7t font ch\u1eef v\u00e0 k\u00edch c\u1ee1 *\/\r\n        .register-button {\r\n            font-family: 'Arial', sans-serif; \/* Ho\u1eb7c ch\u1ecdn font \u0111\u1eb9p kh\u00e1c *\/\r\n            font-size: 32px; \/* T\u0103ng k\u00edch th\u01b0\u1edbc ch\u1eef *\/\r\n            font-weight: bold;\r\n            text-transform: uppercase; \/* Ch\u1eef in hoa *\/\r\n            color: white;\r\n            background-color: #13489e; \/* M\u00e0u n\u1ec1n *\/\r\n            padding: 20px 50px; \/* \u0110i\u1ec1u ch\u1ec9nh kho\u1ea3ng \u0111\u1ec7m *\/\r\n            border-radius: 12px; \/* T\u1ea1o c\u00e1c g\u00f3c tr\u00f2n *\/\r\n            text-align: center;\r\n            display: inline-block;\r\n            text-decoration: none; \/* B\u1ecf g\u1ea1ch d\u01b0\u1edbi *\/\r\n            transition: background-color 0.3s ease;\r\n            margin-top: 30px;\r\n        }\r\n\r\n        \/* Hi\u1ec7u \u1ee9ng hover khi di chu\u1ed9t v\u00e0o n\u00fat *\/\r\n        .register-button:hover {\r\n            background-color: #0a3472; \/* M\u00e0u n\u1ec1n khi hover *\/\r\n        }\r\n    <\/style>\r\n<\/head>\r\n<body>\r\n\r\n    <!-- \u0110o\u1ea1n v\u0103n b\u1ea3n v\u00e0 n\u00fat \u0111\u0103ng k\u00fd -->\r\n    <a href=\"https:\/\/docs.google.com\/forms\/d\/13kdSgdWEf2XZRKq9kxz7IziibP822sVgmRueMoHKoUM\/edit?usp=drive_web&ouid=114361134125413444175\" class=\"register-button\" target=\"_blank\">\r\n        \u0110\u0102NG K\u00dd THAM D\u1ef0 H\u1ed8I NGH\u1eca\r\n    <\/a>\r\n\r\n<\/body>\r\n<\/html>\r\n\t\t\t\t<\/div>\n\t\t\t\t<\/div>\n\t\t\t\t\t<\/div>\n\t\t<\/div>\n\t\t\t\t\t<\/div>\n\t\t<\/section>\n\t\t\t\t<section class=\"elementor-section elementor-top-section elementor-element elementor-element-fbdb4c9 elementor-section-boxed elementor-section-height-default elementor-section-height-default\" data-id=\"fbdb4c9\" data-element_type=\"section\">\n\t\t\t\t\t\t<div class=\"elementor-container elementor-column-gap-default\">\n\t\t\t\t\t<div class=\"elementor-column elementor-col-100 elementor-top-column elementor-element elementor-element-e19ac87\" data-id=\"e19ac87\" data-element_type=\"column\">\n\t\t\t<div class=\"elementor-widget-wrap elementor-element-populated\">\n\t\t\t\t\t\t<div class=\"elementor-element elementor-element-98eaef0 elementor-widget elementor-widget-heading\" data-id=\"98eaef0\" data-element_type=\"widget\" data-widget_type=\"heading.default\">\n\t\t\t\t<div class=\"elementor-widget-container\">\n\t\t\t\t\t<h2 class=\"elementor-heading-title elementor-size-default\">B\u1ea3n Tin<\/h2>\t\t\t\t<\/div>\n\t\t\t\t<\/div>\n\t\t\t\t\t<\/div>\n\t\t<\/div>\n\t\t\t\t\t<\/div>\n\t\t<\/section>\n\t\t\t\t<section class=\"elementor-section elementor-top-section elementor-element elementor-element-ef68ce4 elementor-section-boxed elementor-section-height-default elementor-section-height-default\" data-id=\"ef68ce4\" data-element_type=\"section\">\n\t\t\t\t\t\t<div class=\"elementor-container elementor-column-gap-default\">\n\t\t\t\t\t<div class=\"elementor-column elementor-col-100 elementor-top-column elementor-element elementor-element-1e2d259\" data-id=\"1e2d259\" data-element_type=\"column\">\n\t\t\t<div class=\"elementor-widget-wrap elementor-element-populated\">\n\t\t\t\t\t\t<div class=\"elementor-element elementor-element-7e2e0ff elementor-widget elementor-widget-html\" data-id=\"7e2e0ff\" data-element_type=\"widget\" data-widget_type=\"html.default\">\n\t\t\t\t<div class=\"elementor-widget-container\">\n\t\t\t\t\t<!DOCTYPE html>\r\n<html lang=\"vi\">\r\n<head>\r\n    <meta charset=\"UTF-8\">\r\n    <meta name=\"viewport\" content=\"width=device-width, initial-scale=1.0\">\r\n    <title>Nh\u00fang b\u00e0i vi\u1ebft<\/title>\r\n    <style>\r\n        \/* \u0110\u1ecbnh d\u1ea1ng cho ti\u00eau \u0111\u1ec1 *\/\r\n        .news-title {\r\n            font-size: 24px;\r\n            font-weight: bold;\r\n            color: #d32f2f;\r\n            margin-bottom: 2px;\r\n            border-bottom: 2px solid #13489e; \/\/\r\n            padding-bottom: 5px;\r\n        }\r\n\r\n        .news-image {\r\n            width: 100%; \/**\/\r\n            height: auto; \/*  *\/\r\n            margin-bottom: 20px; \/* g *\/\r\n        }\r\n\r\n        \/* \u0110\u1ecbnh d\u1ea1ng cho m\u00f4 t\u1ea3 b\u00e0i vi\u1ebft *\/\r\n        .news-description {\r\n            font-size: 10x;\r\n            line-height: 1.6;\r\n            color: #333;\r\n        }\r\n\r\n        \/* \u0110\u1ecbnh d\u1ea1ng li\u00ean k\u1ebft *\/\r\n        .read-more {\r\n            display: inline-block;\r\n            font-size: 18px;\r\n            color: #13489e;\r\n            margin-top: 15px;\r\n            text-decoration: none;\r\n            border-bottom: 1px solid #13489e;\r\n        }\r\n\r\n        .read-more:hover {\r\n            color: #13489e;\r\n            border-bottom: 1px solid #0a3472;\r\n        }\r\n    <\/style>\r\n<\/head>\r\n<body>\r\n\r\n    <div class=\"news-container\">\r\n        <!-- Ti\u00eau \u0111\u1ec1 b\u00e0i vi\u1ebft -->\r\n        <div class=\"news-title\">H\u1ea3i Ph\u00f2ng t\u0103ng c\u01b0\u1eddng k\u1ebft n\u1ed1i Doanh nghi\u1ec7p \u2013 Nh\u00e0 tr\u01b0\u1eddng, n\u00e2ng t\u1ea7m ch\u1ea5t l\u01b0\u1ee3ng ngu\u1ed3n nh\u00e2n l\u1ef1c<\/div>\r\n\r\n        <!-- H\u00ecnh \u1ea3nh b\u00e0i vi\u1ebft -->\r\n        <img decoding=\"async\" src=\"https:\/\/heza.gov.vn\/wp-content\/uploads\/2025\/08\/09091-scaled.webp\">\r\n\r\n        <!-- M\u00f4 t\u1ea3 b\u00e0i vi\u1ebft -->\r\n        <div class=\"news-description\">\r\n            H\u1ed9i ngh\u1ecb k\u1ebft n\u1ed1i gi\u1eefa Doanh nghi\u1ec7p, c\u00e1c tr\u01b0\u1eddng \u0111\u00e0o t\u1ea1o v\u00e0 ch\u00ednh quy\u1ec1n \u0111\u1ecba ph\u01b0\u01a1ng di\u1ec5n ra v\u1edbi m\u1ee5c ti\u00eau n\u00e2ng cao ch\u1ea5t l\u01b0\u1ee3ng ngu\u1ed3n nh\u00e2n l\u1ef1c v\u00e0 t\u1ea1o c\u01a1 h\u1ed9i vi\u1ec7c l\u00e0m cho sinh vi\u00ean.\r\n        <\/div>\r\n\r\n        <!-- Li\u00ean k\u1ebft \u0111\u1ecdc th\u00eam -->\r\n        <a href=\"https:\/\/heza.gov.vn\/hai-phong-tang-cuong-ket-noi-doanh-nghiep-nha-truong-nang-tam-chat-luong-nguon-nhan-luc\/\" class=\"read-more\" target=\"_blank\">\u0110\u1ecdc th\u00eam<\/a>\r\n    <\/div>\r\n\r\n<\/body>\r\n<\/html>\t\t\t\t<\/div>\n\t\t\t\t<\/div>\n\t\t\t\t\t<\/div>\n\t\t<\/div>\n\t\t\t\t\t<\/div>\n\t\t<\/section>\n\t\t\t\t<\/div>\n\t\t","protected":false},"excerpt":{"rendered":"<p>Scrolling Text H\u1ed8I NGH\u1eca K\u1ebeT N\u1ed0I TUY\u1ec2N D\u1ee4NG, \u0110\u00c0O T\u1ea0O GI\u1eeeA DOANH NGHI\u1ec6P, C\u00c1C TR\u01af\u1edcNG \u0110\u00c0O T\u1ea0O V\u00c0 CH\u00cdNH QUY\u1ec0N \u0110\u1ecaA PH\u01af\u01a0NG Scrolling Text HEZA &#8211; BAN QU\u1ea2N L\u00dd KHU KINH T\u1ebe H\u1ea2I PH\u00d2NG \u0110\u0103ng k\u00fd tham d\u1ef1 h\u1ed9i ngh\u1ecb \u0110\u0102NG K\u00dd THAM D\u1ef0 H\u1ed8I NGH\u1eca B\u1ea3n Tin Nh\u00fang b\u00e0i vi\u1ebft H\u1ea3i Ph\u00f2ng t\u0103ng c\u01b0\u1eddng [&hellip;]<\/p>\n","protected":false},"author":1,"featured_media":0,"parent":0,"menu_order":0,"comment_status":"closed","ping_status":"closed","template":"","meta":{"_acf_changed":false,"footnotes":""},"class_list":["post-33985","page","type-page","status-publish","hentry"],"acf":[],"featured_image_url":null,"_links":{"self":[{"href":"https:\/\/heza.gov.vn\/index.php?rest_route=\/wp\/v2\/pages\/33985","targetHints":{"allow":["GET"]}}],"collection":[{"href":"https:\/\/heza.gov.vn\/index.php?rest_route=\/wp\/v2\/pages"}],"about":[{"href":"https:\/\/heza.gov.vn\/index.php?rest_route=\/wp\/v2\/types\/page"}],"author":[{"embeddable":true,"href":"https:\/\/heza.gov.vn\/index.php?rest_route=\/wp\/v2\/users\/1"}],"replies":[{"embeddable":true,"href":"https:\/\/heza.gov.vn\/index.php?rest_route=%2Fwp%2Fv2%2Fcomments&post=33985"}],"version-history":[{"count":16,"href":"https:\/\/heza.gov.vn\/index.php?rest_route=\/wp\/v2\/pages\/33985\/revisions"}],"predecessor-version":[{"id":34306,"href":"https:\/\/heza.gov.vn\/index.php?rest_route=\/wp\/v2\/pages\/33985\/revisions\/34306"}],"wp:attachment":[{"href":"https:\/\/heza.gov.vn\/index.php?rest_route=%2Fwp%2Fv2%2Fmedia&parent=33985"}],"curies":[{"name":"wp","href":"https:\/\/api.w.org\/{rel}","templated":true}]}}