{"id":26,"date":"2023-05-17T09:13:45","date_gmt":"2023-05-17T02:13:45","guid":{"rendered":"https:\/\/onenine.pro\/demo\/heza\/?page_id=26"},"modified":"2023-10-05T13:57:30","modified_gmt":"2023-10-05T06:57:30","slug":"lien-he","status":"publish","type":"page","link":"https:\/\/heza.gov.vn\/?page_id=26","title":{"rendered":"Li\u00ean H\u1ec7"},"content":{"rendered":"\t\t<div data-elementor-type=\"wp-page\" data-elementor-id=\"26\" class=\"elementor elementor-26\">\n\t\t\t\t\t\t<section class=\"elementor-section elementor-top-section elementor-element elementor-element-308a2c48 elementor-section-stretched elementor-section-boxed elementor-section-height-default elementor-section-height-default\" data-id=\"308a2c48\" data-element_type=\"section\" data-settings=\"{&quot;stretch_section&quot;:&quot;section-stretched&quot;,&quot;background_background&quot;:&quot;classic&quot;}\">\n\t\t\t\t\t\t\t<div class=\"elementor-background-overlay\"><\/div>\n\t\t\t\t\t\t\t<div class=\"elementor-container elementor-column-gap-default\">\n\t\t\t\t\t<div class=\"elementor-column elementor-col-100 elementor-top-column elementor-element elementor-element-4594dd56\" data-id=\"4594dd56\" data-element_type=\"column\">\n\t\t\t<div class=\"elementor-widget-wrap elementor-element-populated\">\n\t\t\t\t\t\t<div class=\"elementor-element elementor-element-34a890ab elementor-widget elementor-widget-heading\" data-id=\"34a890ab\" data-element_type=\"widget\" data-widget_type=\"heading.default\">\n\t\t\t\t<div class=\"elementor-widget-container\">\n\t\t\t\t\t<h1 class=\"elementor-heading-title elementor-size-default\">Li\u00ean h\u1ec7 v\u1edbi ch\u00fang t\u00f4i<\/h1>\t\t\t\t<\/div>\n\t\t\t\t<\/div>\n\t\t\t\t<div class=\"elementor-element elementor-element-6b02a9df elementor-widget elementor-widget-text-editor\" data-id=\"6b02a9df\" data-element_type=\"widget\" data-widget_type=\"text-editor.default\">\n\t\t\t\t<div class=\"elementor-widget-container\">\n\t\t\t\t\t\t\t\t\tM\u1ecdi y\u00eau c\u1ea7u, \u00fd ki\u1ebfn \u0111\u00f3ng g\u00f3p c\u1ee7a qu\u00fd v\u1ecb xin vui l\u00f2ng \u0111i\u1ec1n theo th\u00f4ng tin b\u00ean<br class=\"hidden-xs\" \/> d\u01b0\u1edbi. Ch\u00fang t\u00f4i c\u1ed1 g\u1eafng gi\u1ea3i \u0111\u00e1p v\u00e0 h\u1ed7 tr\u1ee3 nhanh nh\u1ea5t\t\t\t\t\t\t\t\t<\/div>\n\t\t\t\t<\/div>\n\t\t\t\t<div class=\"elementor-element elementor-element-625132b8 elementor-widget elementor-widget-formidable\" data-id=\"625132b8\" data-element_type=\"widget\" data-widget_type=\"formidable.default\">\n\t\t\t\t<div class=\"elementor-widget-container\">\n\t\t\t\t\t<div class=\"frm_forms \" id=\"frm_form_2_container\" data-token=\"39a96f60b386f5fe9d6fa89c2588efd2\">\n<form enctype=\"multipart\/form-data\" method=\"post\" class=\"frm-show-form  frm_ajax_submit \" id=\"form_lien-he\" data-token=\"39a96f60b386f5fe9d6fa89c2588efd2\">\n<div class=\"frm_form_fields \">\n<fieldset>\n<legend class=\"frm_screen_reader\">Li\u00ean H\u1ec7<\/legend>\r\n\r\n<div class=\"frm_fields_container\">\n<input type=\"hidden\" name=\"frm_action\" value=\"create\" \/>\n<input type=\"hidden\" name=\"form_id\" value=\"2\" \/>\n<input type=\"hidden\" name=\"frm_hide_fields_2\" id=\"frm_hide_fields_2\" value=\"\" \/>\n<input type=\"hidden\" name=\"form_key\" value=\"lien-he\" \/>\n<input type=\"hidden\" name=\"item_meta[0]\" value=\"\" \/>\n<input type=\"hidden\" id=\"frm_submit_entry_2\" name=\"frm_submit_entry_2\" value=\"ba67f0e9b0\" \/><input type=\"hidden\" name=\"_wp_http_referer\" value=\"\/index.php?rest_route=%2Fwp%2Fv2%2Fpages%2F26\" \/><div id=\"frm_field_6_container\" class=\"frm_form_field form-field  frm_required_field frm_top_container frm12  frm6 frm_first\">\n    <label for=\"field_mvnby\" id=\"field_mvnby_label\" class=\"frm_primary_label\">H\u1ecd & T\u00ean\n        <span class=\"frm_required\" aria-hidden=\"true\">*<\/span>\n    <\/label>\n    <input type=\"text\" id=\"field_mvnby\" name=\"item_meta[6]\" value=\"\"  data-reqmsg=\"H\u1ecd &amp; T\u00ean cannot be blank.\" aria-required=\"true\" data-invmsg=\"Text is invalid\" aria-invalid=\"false\"  \/>\n    \n    \n<\/div>\n<div id=\"frm_field_7_container\" class=\"frm_form_field form-field  frm_required_field frm_top_container frm6\">\n    <label for=\"field_rcsnt\" id=\"field_rcsnt_label\" class=\"frm_primary_label\">\u0110i\u1ec7n tho\u1ea1i\n        <span class=\"frm_required\" aria-hidden=\"true\">*<\/span>\n    <\/label>\n    <input type=\"tel\" id=\"field_rcsnt\" name=\"item_meta[7]\" value=\"\"  data-reqmsg=\"\u0110i\u1ec7n tho\u1ea1i cannot be blank.\" aria-required=\"true\" data-invmsg=\"Phone is invalid\" aria-invalid=\"false\" pattern=\"((\\+\\d{1,3}(-|.| )?\\(?\\d\\)?(-| |.)?\\d{1,5})|(\\(?\\d{2,6}\\)?))(-|.| )?(\\d{3,4})(-|.| )?(\\d{4})(( x| ext)\\d{1,5}){0,1}$\"  \/>\n    \n    \n<\/div>\n<div id=\"frm_field_8_container\" class=\"frm_form_field form-field  frm_required_field frm_top_container frm6 frm_first\">\n    <label for=\"field_tlvgd\" id=\"field_tlvgd_label\" class=\"frm_primary_label\">Email\n        <span class=\"frm_required\" aria-hidden=\"true\">*<\/span>\n    <\/label>\n    <input type=\"email\" id=\"field_tlvgd\" name=\"item_meta[8]\" value=\"\"  data-reqmsg=\"Email cannot be blank.\" aria-required=\"true\" data-invmsg=\"Email is invalid\" aria-invalid=\"false\"  \/>\n    \n    \n<\/div>\n<div id=\"frm_field_9_container\" class=\"frm_form_field form-field  frm_top_container frm6\">\r\n    <label for=\"field_40xgi\" id=\"field_40xgi_label\" class=\"frm_primary_label\">\u0110\u1ecba ch\u1ec9\r\n        <span class=\"frm_required\" aria-hidden=\"true\"><\/span>\r\n    <\/label>\r\n    <input type=\"text\" id=\"field_40xgi\" name=\"item_meta[9]\" value=\"\"  data-invmsg=\"Text is invalid\" aria-invalid=\"false\"  \/>\r\n    \r\n    \r\n<\/div>\n<div id=\"frm_field_16_container\" class=\"frm_form_field form-field  frm_top_container vertical_radio\">\n    <div  id=\"field_t03k3_label\" class=\"frm_primary_label\">L\u0129nh v\u1ef1c c\u1ea7n h\u01b0\u1edbng d\u1eabn\n        <span class=\"frm_required\" aria-hidden=\"true\"><\/span>\n    <\/div>\n    <div class=\"frm_opt_container\" aria-labelledby=\"field_t03k3_label\" role=\"radiogroup\">\t\t<div class=\"frm_radio\" id=\"frm_radio_16-0\">\t\t\t<label  for=\"field_t03k3-0\">\n\t\t\t\t\t<input type=\"radio\" name=\"item_meta[16]\" id=\"field_t03k3-0\" value=\"\u0110\u1ea7u t\u01b0\"\n\t\t   data-invmsg=\"L\u0129nh v\u1ef1c c\u1ea7n h\u01b0\u1edbng d\u1eabn is invalid\" aria-invalid=\"false\"  \/> \u0110\u1ea7u t\u01b0<\/label><\/div>\n\t\t<div class=\"frm_radio\" id=\"frm_radio_16-1\">\t\t\t<label  for=\"field_t03k3-1\">\n\t\t\t\t\t<input type=\"radio\" name=\"item_meta[16]\" id=\"field_t03k3-1\" value=\"Lao \u0111\u1ed9ng\"\n\t\t   data-invmsg=\"L\u0129nh v\u1ef1c c\u1ea7n h\u01b0\u1edbng d\u1eabn is invalid\" aria-invalid=\"false\"  \/> Lao \u0111\u1ed9ng<\/label><\/div>\n\t\t<div class=\"frm_radio\" id=\"frm_radio_16-2\">\t\t\t<label  for=\"field_t03k3-2\">\n\t\t\t\t\t<input type=\"radio\" name=\"item_meta[16]\" id=\"field_t03k3-2\" value=\"Th\u01b0\u01a1ng m\u1ea1i\"\n\t\t   data-invmsg=\"L\u0129nh v\u1ef1c c\u1ea7n h\u01b0\u1edbng d\u1eabn is invalid\" aria-invalid=\"false\"  \/> Th\u01b0\u01a1ng m\u1ea1i<\/label><\/div>\n\t\t<div class=\"frm_radio\" id=\"frm_radio_16-3\">\t\t\t<label  for=\"field_t03k3-3\">\n\t\t\t\t\t<input type=\"radio\" name=\"item_meta[16]\" id=\"field_t03k3-3\" value=\"Xu\u1ea5t nh\u1eadp kh\u1ea9u\"\n\t\t   data-invmsg=\"L\u0129nh v\u1ef1c c\u1ea7n h\u01b0\u1edbng d\u1eabn is invalid\" aria-invalid=\"false\"  \/> Xu\u1ea5t nh\u1eadp kh\u1ea9u<\/label><\/div>\n\t\t<div class=\"frm_radio\" id=\"frm_radio_16-4\">\t\t\t<label  for=\"field_t03k3-4\">\n\t\t\t\t\t<input type=\"radio\" name=\"item_meta[16]\" id=\"field_t03k3-4\" value=\"\u0110\u1ea5t \u0111ai\"\n\t\t   data-invmsg=\"L\u0129nh v\u1ef1c c\u1ea7n h\u01b0\u1edbng d\u1eabn is invalid\" aria-invalid=\"false\"  \/> \u0110\u1ea5t \u0111ai<\/label><\/div>\n\t\t<div class=\"frm_radio\" id=\"frm_radio_16-5\">\t\t\t<label  for=\"field_t03k3-5\">\n\t\t\t\t\t<input type=\"radio\" name=\"item_meta[16]\" id=\"field_t03k3-5\" value=\"B\u1ea3o v\u1ec7 m\u00f4i tr\u01b0\u1eddng\"\n\t\t   data-invmsg=\"L\u0129nh v\u1ef1c c\u1ea7n h\u01b0\u1edbng d\u1eabn is invalid\" aria-invalid=\"false\"  \/> B\u1ea3o v\u1ec7 m\u00f4i tr\u01b0\u1eddng<\/label><\/div>\n\t\t<div class=\"frm_radio\" id=\"frm_radio_16-6\">\t\t\t<label  for=\"field_t03k3-6\">\n\t\t\t\t\t<input type=\"radio\" name=\"item_meta[16]\" id=\"field_t03k3-6\" value=\"Quy ho\u1ea1ch\"\n\t\t   data-invmsg=\"L\u0129nh v\u1ef1c c\u1ea7n h\u01b0\u1edbng d\u1eabn is invalid\" aria-invalid=\"false\"  \/> Quy ho\u1ea1ch<\/label><\/div>\n\t\t<div class=\"frm_radio\" id=\"frm_radio_16-7\">\t\t\t<label  for=\"field_t03k3-7\">\n\t\t\t\t\t<input type=\"radio\" name=\"item_meta[16]\" id=\"field_t03k3-7\" value=\"X\u00e2y d\u1ef1ng\"\n\t\t   data-invmsg=\"L\u0129nh v\u1ef1c c\u1ea7n h\u01b0\u1edbng d\u1eabn is invalid\" aria-invalid=\"false\"  \/> X\u00e2y d\u1ef1ng<\/label><\/div>\n\t\t<div class=\"frm_radio\" id=\"frm_radio_16-8\">\t\t\t<label  for=\"field_t03k3-8\">\n\t\t\t\t\t<input type=\"radio\" name=\"item_meta[16]\" id=\"field_t03k3-8\" value=\"Kh\u00e1c\"\n\t\t   data-invmsg=\"L\u0129nh v\u1ef1c c\u1ea7n h\u01b0\u1edbng d\u1eabn is invalid\" aria-invalid=\"false\"  \/> Kh\u00e1c<\/label><\/div>\n<\/div>\n    \n    \n<\/div>\n<div id=\"frm_field_10_container\" class=\"frm_form_field form-field  frm_top_container\">\r\n    <label for=\"field_7pyi3\" id=\"field_7pyi3_label\" class=\"frm_primary_label\">N\u1ed9i dung\r\n        <span class=\"frm_required\" aria-hidden=\"true\"><\/span>\r\n    <\/label>\r\n    <textarea name=\"item_meta[10]\" id=\"field_7pyi3\" rows=\"5\"  data-invmsg=\"N\u1ed9i dung is invalid\" aria-invalid=\"false\"  ><\/textarea>\r\n    \r\n    \r\n<\/div>\n<div id=\"frm_field_18_container\" class=\"frm_form_field form-field  frm_top_container\">\n    <label for=\"field_6dt9k\" id=\"field_6dt9k_label\" class=\"frm_primary_label\">Text\n        <span class=\"frm_required\" aria-hidden=\"true\"><\/span>\n    <\/label>\n    <input type=\"text\" id=\"field_6dt9k\" name=\"item_meta[18]\" value=\"\"  data-invmsg=\"Text is invalid\" aria-invalid=\"false\"  \/>\n    \n    \n<\/div>\n<div id=\"frm_field_19_container\" class=\"frm_form_field form-field  frm_none_container\">\n    <label for=\"g-recaptcha-response\" id=\"field_m5ysv_label\" class=\"frm_primary_label\">Captcha\n        <span class=\"frm_required\" aria-hidden=\"true\"><\/span>\n    <\/label>\n    <div  id=\"field_m5ysv\" class=\"frm-g-recaptcha\" data-sitekey=\"6Ld-XH0oAAAAADwyTLg9GfbfjXzb2LOf7PbdIS7G\" data-size=\"normal\" data-theme=\"light\"><\/div>\n    \n    \n<\/div>\n<div id=\"frm_field_21_container\" class=\"frm_form_field form-field \">\n\t<div class=\"frm_submit\">\r\n\r\n<button class=\"frm_button_submit\" type=\"submit\"  >G\u1eedi th\u00f4ng tin<\/button>\r\n\r\n\r\n<\/div>\n<\/div>\n\t<input type=\"hidden\" name=\"item_key\" value=\"\" \/>\n\t\t\t<div id=\"frm_field_26_container\">\n\t\t\t<label for=\"field_k1q1g\" >\n\t\t\t\tIf you are human, leave this field blank.\t\t\t<\/label>\n\t\t\t<input  id=\"field_k1q1g\" type=\"text\" class=\"frm_form_field form-field frm_verify\" name=\"item_meta[26]\" value=\"\"  \/>\n\t\t<\/div>\n\t\t<input name=\"frm_state\" type=\"hidden\" value=\"2EgwOOINvuscdWjzzvDGkkGtmdfkODP069dhB7JnRSI=\" \/><\/div>\n<\/fieldset>\n<\/div>\n\n<\/form>\n<\/div>\n\t\t\t\t<\/div>\n\t\t\t\t<\/div>\n\t\t\t\t\t<\/div>\n\t\t<\/div>\n\t\t\t\t\t<\/div>\n\t\t<\/section>\n\t\t\t\t<\/div>\n\t\t","protected":false},"excerpt":{"rendered":"<p>Li\u00ean h\u1ec7 v\u1edbi ch\u00fang t\u00f4i M\u1ecdi y\u00eau c\u1ea7u, \u00fd ki\u1ebfn \u0111\u00f3ng g\u00f3p c\u1ee7a qu\u00fd v\u1ecb xin vui l\u00f2ng \u0111i\u1ec1n theo th\u00f4ng tin b\u00ean d\u01b0\u1edbi. Ch\u00fang t\u00f4i c\u1ed1 g\u1eafng gi\u1ea3i \u0111\u00e1p v\u00e0 h\u1ed7 tr\u1ee3 nhanh nh\u1ea5t Li\u00ean H\u1ec7 H\u1ecd &#038; t\u00ean * \u0110i\u1ec7n tho\u1ea1i * Email * \u0110\u1ecba Ch\u1ec9 L\u0129nh v\u1ef1c c\u1ea7n h\u01b0\u1edbng d\u1eabn \u0110\u1ea7u t\u01b0 [&hellip;]<\/p>\n","protected":false},"author":1,"featured_media":0,"parent":0,"menu_order":0,"comment_status":"closed","ping_status":"closed","template":"","meta":{"_acf_changed":false,"footnotes":""},"class_list":["post-26","page","type-page","status-publish","hentry"],"acf":[],"featured_image_url":null,"_links":{"self":[{"href":"https:\/\/heza.gov.vn\/index.php?rest_route=\/wp\/v2\/pages\/26","targetHints":{"allow":["GET"]}}],"collection":[{"href":"https:\/\/heza.gov.vn\/index.php?rest_route=\/wp\/v2\/pages"}],"about":[{"href":"https:\/\/heza.gov.vn\/index.php?rest_route=\/wp\/v2\/types\/page"}],"author":[{"embeddable":true,"href":"https:\/\/heza.gov.vn\/index.php?rest_route=\/wp\/v2\/users\/1"}],"replies":[{"embeddable":true,"href":"https:\/\/heza.gov.vn\/index.php?rest_route=%2Fwp%2Fv2%2Fcomments&post=26"}],"version-history":[{"count":8,"href":"https:\/\/heza.gov.vn\/index.php?rest_route=\/wp\/v2\/pages\/26\/revisions"}],"predecessor-version":[{"id":46991,"href":"https:\/\/heza.gov.vn\/index.php?rest_route=\/wp\/v2\/pages\/26\/revisions\/46991"}],"wp:attachment":[{"href":"https:\/\/heza.gov.vn\/index.php?rest_route=%2Fwp%2Fv2%2Fmedia&parent=26"}],"curies":[{"name":"wp","href":"https:\/\/api.w.org\/{rel}","templated":true}]}}