{"id":1247,"date":"2023-06-03T08:50:43","date_gmt":"2023-06-03T01:50:43","guid":{"rendered":"https:\/\/onenine.pro\/demo\/heza\/?page_id=1247"},"modified":"2023-06-04T09:47:23","modified_gmt":"2023-06-04T02:47:23","slug":"gioi-thieu","status":"publish","type":"page","link":"https:\/\/heza.gov.vn\/?page_id=1247","title":{"rendered":"Gi\u1edbi thi\u1ec7u"},"content":{"rendered":"\t\t<div data-elementor-type=\"wp-page\" data-elementor-id=\"1247\" class=\"elementor elementor-1247\">\n\t\t\t\t\t\t<section class=\"elementor-section elementor-top-section elementor-element elementor-element-5860263 elementor-section-content-middle elementor-section-boxed elementor-section-height-default elementor-section-height-default\" data-id=\"5860263\" data-element_type=\"section\">\n\t\t\t\t\t\t<div class=\"elementor-container elementor-column-gap-default\">\n\t\t\t\t\t<div class=\"elementor-column elementor-col-33 elementor-top-column elementor-element elementor-element-e06af21\" data-id=\"e06af21\" data-element_type=\"column\">\n\t\t\t<div class=\"elementor-widget-wrap elementor-element-populated\">\n\t\t\t\t\t\t<div class=\"elementor-element elementor-element-6256ee5e elementor-widget elementor-widget-heading\" data-id=\"6256ee5e\" data-element_type=\"widget\" data-widget_type=\"heading.default\">\n\t\t\t\t<div class=\"elementor-widget-container\">\n\t\t\t\t\t<h1 class=\"elementor-heading-title elementor-size-default\">Gi\u1edbi thi\u1ec7u<\/h1>\t\t\t\t<\/div>\n\t\t\t\t<\/div>\n\t\t\t\t\t<\/div>\n\t\t<\/div>\n\t\t\t\t<div class=\"elementor-column elementor-col-66 elementor-top-column elementor-element elementor-element-f891d3d\" data-id=\"f891d3d\" data-element_type=\"column\">\n\t\t\t<div class=\"elementor-widget-wrap elementor-element-populated\">\n\t\t\t\t\t\t<div class=\"elementor-element elementor-element-3c96baa6 elementor-widget elementor-widget-text-editor\" data-id=\"3c96baa6\" data-element_type=\"widget\" data-widget_type=\"text-editor.default\">\n\t\t\t\t<div class=\"elementor-widget-container\">\n\t\t\t\t\t\t\t\t\tH\u1ea3i Ph\u00f2ng l\u00e0 th\u00e0nh ph\u1ed1 C\u00f4ng nghi\u1ec7p &#8211; Th\u01b0\u01a1ng m\u1ea1i &#8211; Du l\u1ecbch, c\u00f3 c\u1ea3ng bi\u1ec3n l\u00e2u \u0111\u1eddi v\u00e0 l\u1edbn nh\u1ea5t mi\u1ec1n B\u1eafc Vi\u1ec7t Nam, c\u00f3 h\u1ec7 th\u1ed1ng \u0111\u01b0\u1eddng b\u1ed9, \u0111\u01b0\u1eddng s\u00f4ng v\u00e0 \u0111\u01b0\u1eddng h\u00e0ng kh\u00f4ng thu\u1eadn ti\u1ec7n cho vi\u1ec7c v\u1eadn chuy\u1ec3n giao l\u01b0u h\u00e0ng h\u00f3a, ph\u00e1t tri\u1ec3n quan h\u1ec7 kinh t\u1ebf trong n\u01b0\u1edbc v\u00e0 qu\u1ed1c t\u1ebf.\t\t\t\t\t\t\t\t<\/div>\n\t\t\t\t<\/div>\n\t\t\t\t\t<\/div>\n\t\t<\/div>\n\t\t\t\t\t<\/div>\n\t\t<\/section>\n\t\t\t\t<section class=\"elementor-section elementor-top-section elementor-element elementor-element-97df265 elementor-section-full_width elementor-section-stretched elementor-section-height-default elementor-section-height-default\" data-id=\"97df265\" data-element_type=\"section\" data-settings=\"{&quot;stretch_section&quot;:&quot;section-stretched&quot;}\">\n\t\t\t\t\t\t<div class=\"elementor-container elementor-column-gap-no\">\n\t\t\t\t\t<div class=\"elementor-column elementor-col-100 elementor-top-column elementor-element elementor-element-5582c88\" data-id=\"5582c88\" data-element_type=\"column\">\n\t\t\t<div class=\"elementor-widget-wrap elementor-element-populated\">\n\t\t\t\t\t\t<div class=\"elementor-element elementor-element-fcbe8df elementor-widget elementor-widget-image\" data-id=\"fcbe8df\" data-element_type=\"widget\" data-widget_type=\"image.default\">\n\t\t\t\t<div class=\"elementor-widget-container\">\n\t\t\t\t\t\t\t\t\t\t\t\t\t\t\t<img loading=\"lazy\" decoding=\"async\" width=\"1660\" height=\"583\" src=\"https:\/\/heza.gov.vn\/wp-content\/uploads\/2023\/06\/about-1.png\" class=\"attachment-full size-full wp-image-1308\" alt=\"\" srcset=\"https:\/\/heza.gov.vn\/wp-content\/uploads\/2023\/06\/about-1.png 1660w, https:\/\/heza.gov.vn\/wp-content\/uploads\/2023\/06\/about-1-300x105.png 300w, https:\/\/heza.gov.vn\/wp-content\/uploads\/2023\/06\/about-1-1024x360.png 1024w, https:\/\/heza.gov.vn\/wp-content\/uploads\/2023\/06\/about-1-768x270.png 768w, https:\/\/heza.gov.vn\/wp-content\/uploads\/2023\/06\/about-1-1536x539.png 1536w\" sizes=\"auto, (max-width: 1660px) 100vw, 1660px\" \/>\t\t\t\t\t\t\t\t\t\t\t\t\t\t\t<\/div>\n\t\t\t\t<\/div>\n\t\t\t\t\t<\/div>\n\t\t<\/div>\n\t\t\t\t\t<\/div>\n\t\t<\/section>\n\t\t\t\t<section class=\"elementor-section elementor-top-section elementor-element elementor-element-611069d elementor-section-boxed elementor-section-height-default elementor-section-height-default\" data-id=\"611069d\" data-element_type=\"section\">\n\t\t\t\t\t\t<div class=\"elementor-container elementor-column-gap-default\">\n\t\t\t\t\t<div class=\"elementor-column elementor-col-100 elementor-top-column elementor-element elementor-element-a625cf4\" data-id=\"a625cf4\" data-element_type=\"column\">\n\t\t\t<div class=\"elementor-widget-wrap elementor-element-populated\">\n\t\t\t\t\t\t<div class=\"elementor-element elementor-element-25e51ea elementor-widget elementor-widget-text-editor\" data-id=\"25e51ea\" data-element_type=\"widget\" data-widget_type=\"text-editor.default\">\n\t\t\t\t<div class=\"elementor-widget-container\">\n\t\t\t\t\t\t\t\t\t<p>Ngay nh\u1eefng ng\u00e0y \u0111\u1ea7u c\u1ee7a th\u1eddi k\u1ef3 \u0111\u1ed5i m\u1edbi c\u1ee7a \u0111\u1ea5t n\u01b0\u1edbc, Th\u00e0nh u\u1ef7, H\u1ed9i \u0111\u1ed3ng nh\u00e2n d\u00e2n, UBND th\u00e0nh ph\u1ed1 H\u1ea3i Ph\u00f2ng \u0111\u00e3 x\u00e1c \u0111\u1ecbnh l\u1ee3i th\u1ebf so s\u00e1nh, xu h\u01b0\u1edbng ph\u00e1t tri\u1ec3n c\u1ee7a h\u1ed9i nh\u1eadp v\u00e0 m\u1edf c\u1eeda, kh\u1eb3ng \u0111\u1ecbnh thu h\u00fat \u0111\u1ea7u t\u01b0 tr\u1ef1c ti\u1ebfp n\u01b0\u1edbc ngo\u00e0i l\u00e0 m\u1ed9t trong nh\u1eefng gi\u1ea3i ph\u00e1p quan tr\u1ecdng \u0111\u1ec3 th\u00fac \u0111\u1ea9y, ph\u00e1t tri\u1ec3n kinh t\u1ebf &#8211; x\u00e3 h\u1ed9i, th\u1ef1c hi\u1ec7n c\u00f4ng nghi\u1ec7p ho\u00e1, hi\u1ec7n \u0111\u1ea1i ho\u00e1 th\u00e0nh ph\u1ed1, v\u00ec v\u1eady \u0111\u00e3 t\u1eadp trung ch\u1ec9 \u0111\u1ea1o quy ho\u1ea1ch x\u00e2y d\u1ef1ng, ph\u00e1t tri\u1ec3n c\u00e1c khu ch\u1ebf xu\u1ea5t, khu c\u00f4ng nghi\u1ec7p, khu kinh t\u1ebf, nh\u1eb1m h\u00ecnh th\u00e0nh nhi\u1ec1u m\u1eb7t b\u1eb1ng s\u1ea1ch, v\u1edbi nh\u1eefng \u0111i\u1ec1u ki\u1ec7n v\u00e0 m\u00f4i tr\u01b0\u1eddng thu\u1eadn l\u1ee3i cho ho\u1ea1t \u0111\u1ed9ng s\u1ea3n xu\u1ea5t kinh doanh, t\u1ea1o s\u1ef1 \u0111\u1ed9t ph\u00e1 v\u1ec1 thu h\u00fat \u0111\u1ea7u t\u01b0<\/p>\t\t\t\t\t\t\t\t<\/div>\n\t\t\t\t<\/div>\n\t\t\t\t\t<\/div>\n\t\t<\/div>\n\t\t\t\t\t<\/div>\n\t\t<\/section>\n\t\t\t\t<section class=\"elementor-section elementor-top-section elementor-element elementor-element-28cd9e78 elementor-section-boxed elementor-section-height-default elementor-section-height-default\" data-id=\"28cd9e78\" data-element_type=\"section\">\n\t\t\t\t\t\t<div class=\"elementor-container elementor-column-gap-default\">\n\t\t\t\t\t<div class=\"elementor-column elementor-col-100 elementor-top-column elementor-element elementor-element-bd0b596\" data-id=\"bd0b596\" data-element_type=\"column\">\n\t\t\t<div class=\"elementor-widget-wrap elementor-element-populated\">\n\t\t\t\t\t\t<div class=\"elementor-element elementor-element-11f8cf7 elementor-widget elementor-widget-heading\" data-id=\"11f8cf7\" data-element_type=\"widget\" data-widget_type=\"heading.default\">\n\t\t\t\t<div class=\"elementor-widget-container\">\n\t\t\t\t\t<h2 class=\"elementor-heading-title elementor-size-default\">L\u1ecbch s\u1eed ph\u00e1t tri\u1ec3n<\/h2>\t\t\t\t<\/div>\n\t\t\t\t<\/div>\n\t\t\t\t\t<\/div>\n\t\t<\/div>\n\t\t\t\t\t<\/div>\n\t\t<\/section>\n\t\t\t\t<section class=\"elementor-section elementor-top-section elementor-element elementor-element-4635dd60 elementor-section-stretched elementor-section-boxed elementor-section-height-default elementor-section-height-default\" data-id=\"4635dd60\" data-element_type=\"section\" data-settings=\"{&quot;stretch_section&quot;:&quot;section-stretched&quot;}\">\n\t\t\t\t\t\t<div class=\"elementor-container elementor-column-gap-default\">\n\t\t\t\t\t<div class=\"elementor-column elementor-col-33 elementor-top-column elementor-element elementor-element-23f03a20\" data-id=\"23f03a20\" data-element_type=\"column\">\n\t\t\t<div class=\"elementor-widget-wrap elementor-element-populated\">\n\t\t\t\t\t\t<div class=\"elementor-element elementor-element-22f1a7ea onenine-mobile-icon-box__icon-position--left onenine-icon-box__icon-alignment--center onenine-mobile-icon-box__icon-alignment--left onenine-icon-box__icon-position--top elementor-widget elementor-widget-onenine-icon-box\" data-id=\"22f1a7ea\" data-element_type=\"widget\" data-settings=\"{&quot;button_link_type&quot;:&quot;only&quot;}\" data-widget_type=\"onenine-icon-box.default\">\n\t\t\t\t<div class=\"elementor-widget-container\">\n\t\t\t\t\t\t\t<div class=\"onenine-icon-box icon-type-image \">\n\t\t\t\t\t\t\t<div class=\"onenine-icon-box__overlay\"><\/div>\n\t\t\t\t\t\t<div class=\"onenine-icon-box__icon onenine-icon-box__icon--image\">\n\t\t\t\t<img decoding=\"async\" alt=\"N\u0103m 1993\" src=\"https:\/\/heza.gov.vn\/wp-content\/uploads\/2023\/06\/ellipse.png\">\t\t\t<\/div>\n\t\t\t<div class=\"onenine-icon-box__wrapper\">\n\t\t\t\t\t\t\t\t\t<h6 class=\"onenine-icon-box__title\">N\u0103m 1993<\/h6>\n\t\t\t\t\t\t\t\t\t\t\t\t\t<div class=\"onenine-icon-box__content\">Khu ch\u1ebf xu\u1ea5t H\u1ea3i Ph\u00f2ng<\/div>\n\t\t\t\t\t\t\t<\/div>\n\t\t\t<a href=\"#\" class=\"onenine-icon-box__button\">\t\t\t\t<span class=\"onenine-svg-icon onenine-svg-icon--arrow-right\" ><svg width=\"24\" height=\"24\" aria-hidden=\"true\" role=\"img\" focusable=\"false\" viewBox=\"0 0 41 32\"><path d=\"M2.286 13.943c-1.136 0-2.057 0.921-2.057 2.057s0.921 2.057 2.057 2.057v-4.114zM40.312 17.455c0.803-0.803 0.803-2.106 0-2.909l-13.092-13.092c-0.803-0.803-2.106-0.803-2.909 0s-0.803 2.106 0 2.909l11.637 11.637-11.637 11.637c-0.803 0.803-0.803 2.106 0 2.909s2.106 0.803 2.909 0l13.092-13.092zM2.286 18.057h36.571v-4.114h-36.571v4.114z\"><\/path><\/svg><\/span>\t\t\t<\/a>\t\t\t\t\t<\/div>\n\t\t\t\t\t\t<\/div>\n\t\t\t\t<\/div>\n\t\t\t\t\t<\/div>\n\t\t<\/div>\n\t\t\t\t<div class=\"elementor-column elementor-col-33 elementor-top-column elementor-element elementor-element-77654bed\" data-id=\"77654bed\" data-element_type=\"column\">\n\t\t\t<div class=\"elementor-widget-wrap elementor-element-populated\">\n\t\t\t\t\t\t<div class=\"elementor-element elementor-element-3e377b4f onenine-mobile-icon-box__icon-position--left onenine-icon-box__icon-alignment--center onenine-mobile-icon-box__icon-alignment--left onenine-icon-box__icon-position--top elementor-widget elementor-widget-onenine-icon-box\" data-id=\"3e377b4f\" data-element_type=\"widget\" data-settings=\"{&quot;button_link_type&quot;:&quot;only&quot;}\" data-widget_type=\"onenine-icon-box.default\">\n\t\t\t\t<div class=\"elementor-widget-container\">\n\t\t\t\t\t\t\t<div class=\"onenine-icon-box icon-type-image \">\n\t\t\t\t\t\t\t<div class=\"onenine-icon-box__overlay\"><\/div>\n\t\t\t\t\t\t<div class=\"onenine-icon-box__icon onenine-icon-box__icon--image\">\n\t\t\t\t<img decoding=\"async\" alt=\"N\u0103m 1994\" src=\"https:\/\/heza.gov.vn\/wp-content\/uploads\/2023\/06\/ellipse.png\">\t\t\t<\/div>\n\t\t\t<div class=\"onenine-icon-box__wrapper\">\n\t\t\t\t\t\t\t\t\t<h6 class=\"onenine-icon-box__title\">N\u0103m 1994<\/h6>\n\t\t\t\t\t\t\t\t\t\t\t\t\t<div class=\"onenine-icon-box__content\">Khu c\u00f4ng nghi\u1ec7p Nomura<\/div>\n\t\t\t\t\t\t\t<\/div>\n\t\t\t<a href=\"#\" class=\"onenine-icon-box__button\">\t\t\t\t<span class=\"onenine-svg-icon onenine-svg-icon--arrow-right\" ><svg width=\"24\" height=\"24\" aria-hidden=\"true\" role=\"img\" focusable=\"false\" viewBox=\"0 0 41 32\"><path d=\"M2.286 13.943c-1.136 0-2.057 0.921-2.057 2.057s0.921 2.057 2.057 2.057v-4.114zM40.312 17.455c0.803-0.803 0.803-2.106 0-2.909l-13.092-13.092c-0.803-0.803-2.106-0.803-2.909 0s-0.803 2.106 0 2.909l11.637 11.637-11.637 11.637c-0.803 0.803-0.803 2.106 0 2.909s2.106 0.803 2.909 0l13.092-13.092zM2.286 18.057h36.571v-4.114h-36.571v4.114z\"><\/path><\/svg><\/span>\t\t\t<\/a>\t\t\t\t\t<\/div>\n\t\t\t\t\t\t<\/div>\n\t\t\t\t<\/div>\n\t\t\t\t\t<\/div>\n\t\t<\/div>\n\t\t\t\t<div class=\"elementor-column elementor-col-33 elementor-top-column elementor-element elementor-element-107c29d2\" data-id=\"107c29d2\" data-element_type=\"column\">\n\t\t\t<div class=\"elementor-widget-wrap elementor-element-populated\">\n\t\t\t\t\t\t<div class=\"elementor-element elementor-element-ea5848a onenine-mobile-icon-box__icon-position--left onenine-icon-box__icon-alignment--center onenine-mobile-icon-box__icon-alignment--left onenine-icon-box__icon-position--top elementor-widget elementor-widget-onenine-icon-box\" data-id=\"ea5848a\" data-element_type=\"widget\" data-settings=\"{&quot;button_link_type&quot;:&quot;only&quot;}\" data-widget_type=\"onenine-icon-box.default\">\n\t\t\t\t<div class=\"elementor-widget-container\">\n\t\t\t\t\t\t\t<div class=\"onenine-icon-box icon-type-image \">\n\t\t\t\t\t\t\t<div class=\"onenine-icon-box__overlay\"><\/div>\n\t\t\t\t\t\t<div class=\"onenine-icon-box__icon onenine-icon-box__icon--image\">\n\t\t\t\t<img decoding=\"async\" alt=\"N\u0103m 2008\" src=\"https:\/\/heza.gov.vn\/wp-content\/uploads\/2023\/06\/ellipse.png\">\t\t\t<\/div>\n\t\t\t<div class=\"onenine-icon-box__wrapper\">\n\t\t\t\t\t\t\t\t\t<h6 class=\"onenine-icon-box__title\">N\u0103m 2008<\/h6>\n\t\t\t\t\t\t\t\t\t\t\t\t\t<div class=\"onenine-icon-box__content\">Th\u00e0nh l\u1eadp<br \/>\nBAN QU\u1ea2N L\u00dd KHU KINH T\u1ebe H\u1ea2I PH\u00d2NG,<br class=\"hidden-xs hidden-sm\" \/> TH\u00c0NH PH\u1ed0 H\u1ea2I PH\u00d2NG<\/div>\n\t\t\t\t\t\t\t<\/div>\n\t\t\t<a href=\"#\" class=\"onenine-icon-box__button\">\t\t\t\t<span class=\"onenine-svg-icon onenine-svg-icon--arrow-right\" ><svg width=\"24\" height=\"24\" aria-hidden=\"true\" role=\"img\" focusable=\"false\" viewBox=\"0 0 41 32\"><path d=\"M2.286 13.943c-1.136 0-2.057 0.921-2.057 2.057s0.921 2.057 2.057 2.057v-4.114zM40.312 17.455c0.803-0.803 0.803-2.106 0-2.909l-13.092-13.092c-0.803-0.803-2.106-0.803-2.909 0s-0.803 2.106 0 2.909l11.637 11.637-11.637 11.637c-0.803 0.803-0.803 2.106 0 2.909s2.106 0.803 2.909 0l13.092-13.092zM2.286 18.057h36.571v-4.114h-36.571v4.114z\"><\/path><\/svg><\/span>\t\t\t<\/a>\t\t\t\t\t<\/div>\n\t\t\t\t\t\t<\/div>\n\t\t\t\t<\/div>\n\t\t\t\t\t<\/div>\n\t\t<\/div>\n\t\t\t\t\t<\/div>\n\t\t<\/section>\n\t\t\t\t<section class=\"elementor-section elementor-top-section elementor-element elementor-element-d83d927 elementor-section-boxed elementor-section-height-default elementor-section-height-default\" data-id=\"d83d927\" data-element_type=\"section\">\n\t\t\t\t\t\t<div class=\"elementor-container elementor-column-gap-default\">\n\t\t\t\t\t<div class=\"elementor-column elementor-col-100 elementor-top-column elementor-element elementor-element-38b7cd8\" data-id=\"38b7cd8\" data-element_type=\"column\">\n\t\t\t<div class=\"elementor-widget-wrap elementor-element-populated\">\n\t\t\t\t\t\t<div class=\"elementor-element elementor-element-ae3bbfa elementor-widget elementor-widget-image\" data-id=\"ae3bbfa\" data-element_type=\"widget\" data-widget_type=\"image.default\">\n\t\t\t\t<div class=\"elementor-widget-container\">\n\t\t\t\t\t\t\t\t\t\t\t\t\t\t\t<img loading=\"lazy\" decoding=\"async\" width=\"1070\" height=\"518\" src=\"https:\/\/heza.gov.vn\/wp-content\/uploads\/2023\/06\/about-2.png\" class=\"attachment-full size-full wp-image-1312\" alt=\"\" srcset=\"https:\/\/heza.gov.vn\/wp-content\/uploads\/2023\/06\/about-2.png 1070w, https:\/\/heza.gov.vn\/wp-content\/uploads\/2023\/06\/about-2-300x145.png 300w, https:\/\/heza.gov.vn\/wp-content\/uploads\/2023\/06\/about-2-1024x496.png 1024w, https:\/\/heza.gov.vn\/wp-content\/uploads\/2023\/06\/about-2-768x372.png 768w\" sizes=\"auto, (max-width: 1070px) 100vw, 1070px\" \/>\t\t\t\t\t\t\t\t\t\t\t\t\t\t\t<\/div>\n\t\t\t\t<\/div>\n\t\t\t\t\t<\/div>\n\t\t<\/div>\n\t\t\t\t\t<\/div>\n\t\t<\/section>\n\t\t\t\t<section class=\"elementor-section elementor-top-section elementor-element elementor-element-1701e7c elementor-section-boxed elementor-section-height-default elementor-section-height-default\" data-id=\"1701e7c\" data-element_type=\"section\">\n\t\t\t\t\t\t<div class=\"elementor-container elementor-column-gap-default\">\n\t\t\t\t\t<div class=\"elementor-column elementor-col-100 elementor-top-column elementor-element elementor-element-ea90b15\" data-id=\"ea90b15\" data-element_type=\"column\">\n\t\t\t<div class=\"elementor-widget-wrap elementor-element-populated\">\n\t\t\t\t\t\t<div class=\"elementor-element elementor-element-7e0428b elementor-widget elementor-widget-text-editor\" data-id=\"7e0428b\" data-element_type=\"widget\" data-widget_type=\"text-editor.default\">\n\t\t\t\t<div class=\"elementor-widget-container\">\n\t\t\t\t\t\t\t\t\t<p>T\u1eeb ch\u1ed7 ch\u1ec9 qu\u1ea3n l\u00fd 01 Khu ch\u1ebf xu\u1ea5t v\u00e0 02 Khu c\u00f4ng nghi\u1ec7p, hi\u1ec7n nay Ban Qu\u1ea3n l\u00fd \u0111ang qu\u1ea3n l\u00fd Khu kinh t\u1ebf \u0110\u00ecnh V\u0169 &#8211; C\u00e1t H\u1ea3i v\u00e0 19 khu c\u00f4ng nghi\u1ec7p, trong \u0111\u00f3 c\u00f3 04 khu c\u00f4ng nghi\u1ec7p li\u00ean doanh v\u1edbi n\u01b0\u1edbc ngo\u00e0i (Nomura &#8211; H\u1ea3i Ph\u00f2ng, \u0110\u1ed3 S\u01a1n H\u1ea3i Ph\u00f2ng, \u0110\u00ecnh V\u0169, Nam \u0110\u00ecnh V\u0169 (khu2)), 03 khu c\u00f4ng nghi\u1ec7p 100% v\u1ed1n n\u01b0\u1edbc ngo\u00e0i (An D\u01b0\u01a1ng, VSIP, C\u00f4ng nghi\u1ec7p v\u00e0 d\u1ecbch v\u1ee5 h\u00e0ng h\u1ea3i), 04 khu c\u00f4ng nghi\u1ec7p 100% v\u1ed1n trong n\u01b0\u1edbc (Tr\u00e0ng Du\u1ec7, Nam C\u1ea7u Ki\u1ec1n, Nam \u0110\u00ecnh V\u0169 (khu 1) v\u00e0 MP \u0110\u00ecnh V\u0169).<br \/><br \/>Ngo\u00e0i c\u00e1c khu c\u00f4ng nghi\u1ec7p, Ban Qu\u1ea3n l\u00fd tr\u1ef1c ti\u1ebfp th\u1ef1c hi\u1ec7n qu\u1ea3n l\u00fd t\u1eadp trung, th\u1ed1ng nh\u1ea5t ho\u1ea1t \u0111\u1ed9ng \u0111\u1ea7u t\u01b0, x\u00e2y d\u1ef1ng v\u00e0 ph\u00e1t tri\u1ec3n Khu kinh t\u1ebf \u0110\u00ecnh V\u0169 &#8211; C\u00e1t H\u1ea3i c\u00f3 quy m\u00f4 \u0111\u1ea5t \u0111ai 22.540 ha, quy m\u00f4 d\u00e2n s\u1ed1 (d\u1ef1 ki\u1ebfn \u0111\u1ebfn n\u0103m 2025 l\u00e0 310.000 ng\u01b0\u1eddi). Khu kinh t\u1ebf \u0110\u00ecnh V\u0169 &#8211; C\u00e1t H\u1ea3i \u0111\u01b0\u1ee3c quy ho\u1ea1ch x\u00e2y d\u1ef1ng l\u00e0 Khu kinh t\u1ebf t\u1ed5ng h\u1ee3p; trung t\u00e2m kinh t\u1ebf bi\u1ec3n \u0111a ng\u00e0nh, \u0111a l\u0129nh v\u1ef1c, th\u00e0nh ph\u1ed1 c\u00f4ng nghi\u1ec7p, th\u01b0\u01a1ng m\u1ea1i, du l\u1ecbch hi\u1ec7n \u0111\u1ea1i; trong Khu kinh t\u1ebf c\u00f3 Khu phi thu\u1ebf quan v\u00e0 Khu thu\u1ebf quan, trong \u0111\u00f3 Khu thu\u1ebf quan bao g\u1ed3m c\u00e1c khu nh\u01b0 Khu c\u00f4ng nghi\u1ec7p, Khu th\u01b0\u01a1ng m\u1ea1i, Khu \u0111\u00f4 th\u1ecb, Khu vui ch\u01a1i, gi\u1ea3i tr\u00ed &#8211; du l\u1ecbch, c\u1ea3ng bi\u1ec3n n\u01b0\u1edbc s\u00e2u qu\u1ed1c t\u1ebf, h\u1ec7 th\u1ed1ng d\u1ecbch v\u1ee5 h\u1eadu c\u1ea7n c\u1ea3ng (logistic) \u2026; tr\u1edf th\u00e0nh c\u1eeda s\u1ed5 h\u01b0\u1edbng ngo\u1ea1i, h\u1ed9i nh\u1eadp c\u1ee7a Vi\u1ec7t Nam v\u00e0 l\u00e0 \u0111\u1ed9ng l\u1ef1c ph\u00e1t tri\u1ec3n c\u1ee7a H\u1ea3i Ph\u00f2ng v\u00e0 c\u00e1c t\u1ec9nh trong v\u00f9ng kinh t\u1ebf tr\u1ecdng \u0111i\u1ec3m B\u1eafc B\u1ed9.<\/p>\t\t\t\t\t\t\t\t<\/div>\n\t\t\t\t<\/div>\n\t\t\t\t\t<\/div>\n\t\t<\/div>\n\t\t\t\t\t<\/div>\n\t\t<\/section>\n\t\t\t\t<\/div>\n\t\t","protected":false},"excerpt":{"rendered":"<p>Gi\u1edbi thi\u1ec7u H\u1ea3i Ph\u00f2ng l\u00e0 th\u00e0nh ph\u1ed1 C\u00f4ng nghi\u1ec7p &#8211; Th\u01b0\u01a1ng m\u1ea1i &#8211; Du l\u1ecbch, c\u00f3 c\u1ea3ng bi\u1ec3n l\u00e2u \u0111\u1eddi v\u00e0 l\u1edbn nh\u1ea5t mi\u1ec1n B\u1eafc Vi\u1ec7t Nam, c\u00f3 h\u1ec7 th\u1ed1ng \u0111\u01b0\u1eddng b\u1ed9, \u0111\u01b0\u1eddng s\u00f4ng v\u00e0 \u0111\u01b0\u1eddng h\u00e0ng kh\u00f4ng thu\u1eadn ti\u1ec7n cho vi\u1ec7c v\u1eadn chuy\u1ec3n giao l\u01b0u h\u00e0ng h\u00f3a, ph\u00e1t tri\u1ec3n quan h\u1ec7 kinh t\u1ebf trong [&hellip;]<\/p>\n","protected":false},"author":1,"featured_media":0,"parent":0,"menu_order":0,"comment_status":"closed","ping_status":"closed","template":"","meta":{"_acf_changed":false,"footnotes":""},"class_list":["post-1247","page","type-page","status-publish","hentry"],"acf":[],"featured_image_url":null,"_links":{"self":[{"href":"https:\/\/heza.gov.vn\/index.php?rest_route=\/wp\/v2\/pages\/1247","targetHints":{"allow":["GET"]}}],"collection":[{"href":"https:\/\/heza.gov.vn\/index.php?rest_route=\/wp\/v2\/pages"}],"about":[{"href":"https:\/\/heza.gov.vn\/index.php?rest_route=\/wp\/v2\/types\/page"}],"author":[{"embeddable":true,"href":"https:\/\/heza.gov.vn\/index.php?rest_route=\/wp\/v2\/users\/1"}],"replies":[{"embeddable":true,"href":"https:\/\/heza.gov.vn\/index.php?rest_route=%2Fwp%2Fv2%2Fcomments&post=1247"}],"version-history":[{"count":25,"href":"https:\/\/heza.gov.vn\/index.php?rest_route=\/wp\/v2\/pages\/1247\/revisions"}],"predecessor-version":[{"id":1321,"href":"https:\/\/heza.gov.vn\/index.php?rest_route=\/wp\/v2\/pages\/1247\/revisions\/1321"}],"wp:attachment":[{"href":"https:\/\/heza.gov.vn\/index.php?rest_route=%2Fwp%2Fv2%2Fmedia&parent=1247"}],"curies":[{"name":"wp","href":"https:\/\/api.w.org\/{rel}","templated":true}]}}