{"id":1016,"date":"2023-05-29T00:30:31","date_gmt":"2023-05-28T17:30:31","guid":{"rendered":"https:\/\/onenine.pro\/demo\/heza\/?page_id=1016"},"modified":"2026-01-13T08:21:53","modified_gmt":"2026-01-13T01:21:53","slug":"so-do-to-chuc","status":"publish","type":"page","link":"https:\/\/heza.gov.vn\/?page_id=1016","title":{"rendered":"S\u01a1 \u0111\u1ed3 t\u1ed5 ch\u1ee9c"},"content":{"rendered":"\t\t<div data-elementor-type=\"wp-page\" data-elementor-id=\"1016\" class=\"elementor elementor-1016\">\n\t\t\t\t\t\t<section class=\"elementor-section elementor-top-section elementor-element elementor-element-369e57dd elementor-section-stretched elementor-section-boxed elementor-section-height-default elementor-section-height-default\" data-id=\"369e57dd\" data-element_type=\"section\" data-settings=\"{&quot;stretch_section&quot;:&quot;section-stretched&quot;,&quot;background_background&quot;:&quot;classic&quot;}\">\n\t\t\t\t\t\t\t<div class=\"elementor-background-overlay\"><\/div>\n\t\t\t\t\t\t\t<div class=\"elementor-container elementor-column-gap-default\">\n\t\t\t\t\t<div class=\"elementor-column elementor-col-100 elementor-top-column elementor-element elementor-element-3c120e9a\" data-id=\"3c120e9a\" data-element_type=\"column\">\n\t\t\t<div class=\"elementor-widget-wrap elementor-element-populated\">\n\t\t\t\t\t\t<div class=\"elementor-element elementor-element-7c8af55d elementor-widget elementor-widget-heading\" data-id=\"7c8af55d\" data-element_type=\"widget\" data-widget_type=\"heading.default\">\n\t\t\t\t<div class=\"elementor-widget-container\">\n\t\t\t\t\t<h1 class=\"elementor-heading-title elementor-size-default\">L\u00c3NH \u0110\u1ea0O BAN NG\u00c0NH<\/h1>\t\t\t\t<\/div>\n\t\t\t\t<\/div>\n\t\t\t\t<div class=\"elementor-element elementor-element-53976ae onenine-icon-box__icon-alignment--center elementor-widget__width-auto onenine-icon-box__icon-position--top elementor-widget elementor-widget-onenine-icon-box\" data-id=\"53976ae\" data-element_type=\"widget\" data-settings=\"{&quot;button_link_type&quot;:&quot;only&quot;}\" data-widget_type=\"onenine-icon-box.default\">\n\t\t\t\t<div class=\"elementor-widget-container\">\n\t\t\t\t\t\t\t<div class=\"onenine-icon-box icon-type-image \">\n\t\t\t\t\t\t\t<div class=\"onenine-icon-box__overlay\"><\/div>\n\t\t\t\t\t\t<div class=\"onenine-icon-box__icon onenine-icon-box__icon--image\">\n\t\t\t\t<img decoding=\"async\" alt=\"\" src=\"https:\/\/heza.gov.vn\/wp-content\/uploads\/2023\/06\/user-demo.png\">\t\t\t<\/div>\n\t\t\t<div class=\"onenine-icon-box__wrapper\">\n\t\t\t\t\t\t\t\t\t\t\t\t\t<div class=\"onenine-icon-box__content\"><b style=\"color:#007BB0\">- Tr\u01b0\u1edfng Ban-<\/b><\/div>\n\t\t\t\t\t\t\t<\/div>\n\t\t\t<a href=\"#\" class=\"onenine-icon-box__button\">\t\t\t\t<span class=\"onenine-svg-icon onenine-svg-icon--arrow-right\" ><svg width=\"24\" height=\"24\" aria-hidden=\"true\" role=\"img\" focusable=\"false\" viewBox=\"0 0 41 32\"><path d=\"M2.286 13.943c-1.136 0-2.057 0.921-2.057 2.057s0.921 2.057 2.057 2.057v-4.114zM40.312 17.455c0.803-0.803 0.803-2.106 0-2.909l-13.092-13.092c-0.803-0.803-2.106-0.803-2.909 0s-0.803 2.106 0 2.909l11.637 11.637-11.637 11.637c-0.803 0.803-0.803 2.106 0 2.909s2.106 0.803 2.909 0l13.092-13.092zM2.286 18.057h36.571v-4.114h-36.571v4.114z\"><\/path><\/svg><\/span>\t\t\t<\/a>\t\t\t\t\t<\/div>\n\t\t\t\t\t\t<\/div>\n\t\t\t\t<\/div>\n\t\t\t\t<section class=\"elementor-section elementor-inner-section elementor-element elementor-element-2400557 elementor-section-full_width elementor-section-height-default elementor-section-height-default\" data-id=\"2400557\" data-element_type=\"section\" data-settings=\"{&quot;background_background&quot;:&quot;classic&quot;}\">\n\t\t\t\t\t\t\t<div class=\"elementor-background-overlay\"><\/div>\n\t\t\t\t\t\t\t<div class=\"elementor-container elementor-column-gap-extended\">\n\t\t\t\t\t<div class=\"elementor-column elementor-col-33 elementor-inner-column elementor-element elementor-element-3090224\" data-id=\"3090224\" data-element_type=\"column\">\n\t\t\t<div class=\"elementor-widget-wrap elementor-element-populated\">\n\t\t\t\t\t\t<div class=\"elementor-element elementor-element-f744c1f onenine-icon-box__icon-alignment--center elementor-widget__width-initial onenine-icon-box__icon-position--top elementor-widget elementor-widget-onenine-icon-box\" data-id=\"f744c1f\" data-element_type=\"widget\" data-settings=\"{&quot;button_link_type&quot;:&quot;only&quot;}\" data-widget_type=\"onenine-icon-box.default\">\n\t\t\t\t<div class=\"elementor-widget-container\">\n\t\t\t\t\t\t\t<div class=\"onenine-icon-box icon-type-image \">\n\t\t\t\t\t\t\t<div class=\"onenine-icon-box__overlay\"><\/div>\n\t\t\t\t\t\t<div class=\"onenine-icon-box__icon onenine-icon-box__icon--image\">\n\t\t\t\t<img decoding=\"async\" alt=\"\" src=\"https:\/\/heza.gov.vn\/wp-content\/uploads\/2023\/06\/user-demo.png\">\t\t\t<\/div>\n\t\t\t<div class=\"onenine-icon-box__wrapper\">\n\t\t\t\t\t\t\t\t\t\t\t\t\t<div class=\"onenine-icon-box__content\"><b style=\"color:#007BB0\">Ph\u00f3 Tr\u01b0\u1edfng Ban<\/b>\n<b style=\"color:#007BB0;font-size: 14px\">Nguy\u1ec5n Th\u1ecb Th\u00fay H\u1eb1ng<\/b><\/div>\n\t\t\t\t\t\t\t<\/div>\n\t\t\t<a href=\"#\" class=\"onenine-icon-box__button\">\t\t\t\t<span class=\"onenine-svg-icon onenine-svg-icon--arrow-right\" ><svg width=\"24\" height=\"24\" aria-hidden=\"true\" role=\"img\" focusable=\"false\" viewBox=\"0 0 41 32\"><path d=\"M2.286 13.943c-1.136 0-2.057 0.921-2.057 2.057s0.921 2.057 2.057 2.057v-4.114zM40.312 17.455c0.803-0.803 0.803-2.106 0-2.909l-13.092-13.092c-0.803-0.803-2.106-0.803-2.909 0s-0.803 2.106 0 2.909l11.637 11.637-11.637 11.637c-0.803 0.803-0.803 2.106 0 2.909s2.106 0.803 2.909 0l13.092-13.092zM2.286 18.057h36.571v-4.114h-36.571v4.114z\"><\/path><\/svg><\/span>\t\t\t<\/a>\t\t\t\t\t<\/div>\n\t\t\t\t\t\t<\/div>\n\t\t\t\t<\/div>\n\t\t\t\t<div class=\"elementor-element elementor-element-89e4429 onenine-icon-box__icon-alignment--center elementor-widget__width-initial onenine-icon-box__icon-position--top elementor-widget elementor-widget-onenine-icon-box\" data-id=\"89e4429\" data-element_type=\"widget\" data-settings=\"{&quot;button_link_type&quot;:&quot;only&quot;}\" data-widget_type=\"onenine-icon-box.default\">\n\t\t\t\t<div class=\"elementor-widget-container\">\n\t\t\t\t\t\t\t<div class=\"onenine-icon-box icon-type-image \">\n\t\t\t\t\t\t\t<div class=\"onenine-icon-box__overlay\"><\/div>\n\t\t\t\t\t\t<div class=\"onenine-icon-box__icon onenine-icon-box__icon--image\">\n\t\t\t\t<img decoding=\"async\" alt=\"\" src=\"https:\/\/heza.gov.vn\/wp-content\/uploads\/2023\/06\/user-demo.png\">\t\t\t<\/div>\n\t\t\t<div class=\"onenine-icon-box__wrapper\">\n\t\t\t\t\t\t\t\t\t\t\t\t\t<div class=\"onenine-icon-box__content\"><b style=\"color:#007BB0\">Ph\u00f3 Tr\u01b0\u1edfng Ban<\/b>\n<b style=\"color:#007BB0;font-size: 14px\">Nguy\u1ec5n Danh T\u00fa<\/b><\/div>\n\t\t\t\t\t\t\t<\/div>\n\t\t\t<a href=\"#\" class=\"onenine-icon-box__button\">\t\t\t\t<span class=\"onenine-svg-icon onenine-svg-icon--arrow-right\" ><svg width=\"24\" height=\"24\" aria-hidden=\"true\" role=\"img\" focusable=\"false\" viewBox=\"0 0 41 32\"><path d=\"M2.286 13.943c-1.136 0-2.057 0.921-2.057 2.057s0.921 2.057 2.057 2.057v-4.114zM40.312 17.455c0.803-0.803 0.803-2.106 0-2.909l-13.092-13.092c-0.803-0.803-2.106-0.803-2.909 0s-0.803 2.106 0 2.909l11.637 11.637-11.637 11.637c-0.803 0.803-0.803 2.106 0 2.909s2.106 0.803 2.909 0l13.092-13.092zM2.286 18.057h36.571v-4.114h-36.571v4.114z\"><\/path><\/svg><\/span>\t\t\t<\/a>\t\t\t\t\t<\/div>\n\t\t\t\t\t\t<\/div>\n\t\t\t\t<\/div>\n\t\t\t\t\t<\/div>\n\t\t<\/div>\n\t\t\t\t<div class=\"elementor-column elementor-col-33 elementor-inner-column elementor-element elementor-element-210699b\" data-id=\"210699b\" data-element_type=\"column\">\n\t\t\t<div class=\"elementor-widget-wrap elementor-element-populated\">\n\t\t\t\t\t\t<div class=\"elementor-element elementor-element-523b606 onenine-icon-box__icon-alignment--center elementor-widget__width-initial onenine-icon-box__icon-position--top elementor-widget elementor-widget-onenine-icon-box\" data-id=\"523b606\" data-element_type=\"widget\" data-settings=\"{&quot;button_link_type&quot;:&quot;only&quot;}\" data-widget_type=\"onenine-icon-box.default\">\n\t\t\t\t<div class=\"elementor-widget-container\">\n\t\t\t\t\t\t\t<div class=\"onenine-icon-box icon-type-image \">\n\t\t\t\t\t\t\t<div class=\"onenine-icon-box__overlay\"><\/div>\n\t\t\t\t\t\t<div class=\"onenine-icon-box__icon onenine-icon-box__icon--image\">\n\t\t\t\t<img decoding=\"async\" alt=\"\" src=\"https:\/\/heza.gov.vn\/wp-content\/uploads\/2023\/06\/user-demo.png\">\t\t\t<\/div>\n\t\t\t<div class=\"onenine-icon-box__wrapper\">\n\t\t\t\t\t\t\t\t\t\t\t\t\t<div class=\"onenine-icon-box__content\"><b style=\"color:#007BB0\">Ph\u00f3 Tr\u01b0\u1edfng Ban<\/b>\n<b style=\"color:#007BB0;font-size: 14px\">Nguy\u1ec5n Quang Minh<\/b><\/div>\n\t\t\t\t\t\t\t<\/div>\n\t\t\t<a href=\"#\" class=\"onenine-icon-box__button\">\t\t\t\t<span class=\"onenine-svg-icon onenine-svg-icon--arrow-right\" ><svg width=\"24\" height=\"24\" aria-hidden=\"true\" role=\"img\" focusable=\"false\" viewBox=\"0 0 41 32\"><path d=\"M2.286 13.943c-1.136 0-2.057 0.921-2.057 2.057s0.921 2.057 2.057 2.057v-4.114zM40.312 17.455c0.803-0.803 0.803-2.106 0-2.909l-13.092-13.092c-0.803-0.803-2.106-0.803-2.909 0s-0.803 2.106 0 2.909l11.637 11.637-11.637 11.637c-0.803 0.803-0.803 2.106 0 2.909s2.106 0.803 2.909 0l13.092-13.092zM2.286 18.057h36.571v-4.114h-36.571v4.114z\"><\/path><\/svg><\/span>\t\t\t<\/a>\t\t\t\t\t<\/div>\n\t\t\t\t\t\t<\/div>\n\t\t\t\t<\/div>\n\t\t\t\t<div class=\"elementor-element elementor-element-3088452 onenine-icon-box__icon-alignment--center elementor-widget__width-initial onenine-icon-box__icon-position--top elementor-widget elementor-widget-onenine-icon-box\" data-id=\"3088452\" data-element_type=\"widget\" data-settings=\"{&quot;button_link_type&quot;:&quot;only&quot;}\" data-widget_type=\"onenine-icon-box.default\">\n\t\t\t\t<div class=\"elementor-widget-container\">\n\t\t\t\t\t\t\t<div class=\"onenine-icon-box icon-type-image \">\n\t\t\t\t\t\t\t<div class=\"onenine-icon-box__overlay\"><\/div>\n\t\t\t\t\t\t<div class=\"onenine-icon-box__icon onenine-icon-box__icon--image\">\n\t\t\t\t<img decoding=\"async\" alt=\"\" src=\"https:\/\/heza.gov.vn\/wp-content\/uploads\/2023\/06\/user-demo.png\">\t\t\t<\/div>\n\t\t\t<div class=\"onenine-icon-box__wrapper\">\n\t\t\t\t\t\t\t\t\t\t\t\t\t<div class=\"onenine-icon-box__content\"><b style=\"color:#007BB0\">Ph\u00f3 Tr\u01b0\u1edfng Ban<\/b>\n<b style=\"color:#007BB0\">D\u01b0\u01a1ng V\u0103n Xuy\u00ean<\/b><\/div>\n\t\t\t\t\t\t\t<\/div>\n\t\t\t<a href=\"#\" class=\"onenine-icon-box__button\">\t\t\t\t<span class=\"onenine-svg-icon onenine-svg-icon--arrow-right\" ><svg width=\"24\" height=\"24\" aria-hidden=\"true\" role=\"img\" focusable=\"false\" viewBox=\"0 0 41 32\"><path d=\"M2.286 13.943c-1.136 0-2.057 0.921-2.057 2.057s0.921 2.057 2.057 2.057v-4.114zM40.312 17.455c0.803-0.803 0.803-2.106 0-2.909l-13.092-13.092c-0.803-0.803-2.106-0.803-2.909 0s-0.803 2.106 0 2.909l11.637 11.637-11.637 11.637c-0.803 0.803-0.803 2.106 0 2.909s2.106 0.803 2.909 0l13.092-13.092zM2.286 18.057h36.571v-4.114h-36.571v4.114z\"><\/path><\/svg><\/span>\t\t\t<\/a>\t\t\t\t\t<\/div>\n\t\t\t\t\t\t<\/div>\n\t\t\t\t<\/div>\n\t\t\t\t<div class=\"elementor-element elementor-element-de8823c onenine-icon-box__icon-alignment--center elementor-widget__width-initial onenine-icon-box__icon-position--top elementor-widget elementor-widget-onenine-icon-box\" data-id=\"de8823c\" data-element_type=\"widget\" data-settings=\"{&quot;button_link_type&quot;:&quot;only&quot;}\" data-widget_type=\"onenine-icon-box.default\">\n\t\t\t\t<div class=\"elementor-widget-container\">\n\t\t\t\t\t\t\t<div class=\"onenine-icon-box icon-type-image \">\n\t\t\t\t\t\t\t<div class=\"onenine-icon-box__overlay\"><\/div>\n\t\t\t\t\t\t<div class=\"onenine-icon-box__icon onenine-icon-box__icon--image\">\n\t\t\t\t<img decoding=\"async\" alt=\"\" src=\"https:\/\/heza.gov.vn\/wp-content\/uploads\/2023\/06\/user-demo.png\">\t\t\t<\/div>\n\t\t\t<div class=\"onenine-icon-box__wrapper\">\n\t\t\t\t\t\t\t\t\t\t\t\t\t<div class=\"onenine-icon-box__content\"><b style=\"color:#007BB0\">Ph\u00f3 Tr\u01b0\u1edfng Ban<\/b>\n<b style=\"color:#007BB0;font-size: 13px\">Nguy\u1ec5n Th\u1ecb B\u00edch Dung<\/b>\n<\/div>\n\t\t\t\t\t\t\t<\/div>\n\t\t\t<a href=\"#\" class=\"onenine-icon-box__button\">\t\t\t\t<span class=\"onenine-svg-icon onenine-svg-icon--arrow-right\" ><svg width=\"24\" height=\"24\" aria-hidden=\"true\" role=\"img\" focusable=\"false\" viewBox=\"0 0 41 32\"><path d=\"M2.286 13.943c-1.136 0-2.057 0.921-2.057 2.057s0.921 2.057 2.057 2.057v-4.114zM40.312 17.455c0.803-0.803 0.803-2.106 0-2.909l-13.092-13.092c-0.803-0.803-2.106-0.803-2.909 0s-0.803 2.106 0 2.909l11.637 11.637-11.637 11.637c-0.803 0.803-0.803 2.106 0 2.909s2.106 0.803 2.909 0l13.092-13.092zM2.286 18.057h36.571v-4.114h-36.571v4.114z\"><\/path><\/svg><\/span>\t\t\t<\/a>\t\t\t\t\t<\/div>\n\t\t\t\t\t\t<\/div>\n\t\t\t\t<\/div>\n\t\t\t\t\t<\/div>\n\t\t<\/div>\n\t\t\t\t<div class=\"elementor-column elementor-col-33 elementor-inner-column elementor-element elementor-element-a4bce72\" data-id=\"a4bce72\" data-element_type=\"column\">\n\t\t\t<div class=\"elementor-widget-wrap elementor-element-populated\">\n\t\t\t\t\t\t<div class=\"elementor-element elementor-element-fc52c5e onenine-icon-box__icon-alignment--center elementor-widget__width-initial onenine-icon-box__icon-position--top elementor-widget elementor-widget-onenine-icon-box\" data-id=\"fc52c5e\" data-element_type=\"widget\" data-settings=\"{&quot;button_link_type&quot;:&quot;only&quot;}\" data-widget_type=\"onenine-icon-box.default\">\n\t\t\t\t<div class=\"elementor-widget-container\">\n\t\t\t\t\t\t\t<div class=\"onenine-icon-box icon-type-image \">\n\t\t\t\t\t\t\t<div class=\"onenine-icon-box__overlay\"><\/div>\n\t\t\t\t\t\t<div class=\"onenine-icon-box__icon onenine-icon-box__icon--image\">\n\t\t\t\t<img decoding=\"async\" alt=\"\" src=\"https:\/\/heza.gov.vn\/wp-content\/uploads\/2023\/06\/user-demo.png\">\t\t\t<\/div>\n\t\t\t<div class=\"onenine-icon-box__wrapper\">\n\t\t\t\t\t\t\t\t\t\t\t\t\t<div class=\"onenine-icon-box__content\"><b style=\"color:#007BB0\">Ph\u00f3 Tr\u01b0\u1edfng Ban<\/b>\n<b style=\"color:#007BB0;font-size: 14px\">Nguy\u1ec5n Trung Ki\u00ean<\/b><\/div>\n\t\t\t\t\t\t\t<\/div>\n\t\t\t<a href=\"#\" class=\"onenine-icon-box__button\">\t\t\t\t<span class=\"onenine-svg-icon onenine-svg-icon--arrow-right\" ><svg width=\"24\" height=\"24\" aria-hidden=\"true\" role=\"img\" focusable=\"false\" viewBox=\"0 0 41 32\"><path d=\"M2.286 13.943c-1.136 0-2.057 0.921-2.057 2.057s0.921 2.057 2.057 2.057v-4.114zM40.312 17.455c0.803-0.803 0.803-2.106 0-2.909l-13.092-13.092c-0.803-0.803-2.106-0.803-2.909 0s-0.803 2.106 0 2.909l11.637 11.637-11.637 11.637c-0.803 0.803-0.803 2.106 0 2.909s2.106 0.803 2.909 0l13.092-13.092zM2.286 18.057h36.571v-4.114h-36.571v4.114z\"><\/path><\/svg><\/span>\t\t\t<\/a>\t\t\t\t\t<\/div>\n\t\t\t\t\t\t<\/div>\n\t\t\t\t<\/div>\n\t\t\t\t<div class=\"elementor-element elementor-element-bf1dda3 onenine-icon-box__icon-alignment--center elementor-widget__width-initial onenine-icon-box__icon-position--top elementor-widget elementor-widget-onenine-icon-box\" data-id=\"bf1dda3\" data-element_type=\"widget\" data-settings=\"{&quot;button_link_type&quot;:&quot;only&quot;}\" data-widget_type=\"onenine-icon-box.default\">\n\t\t\t\t<div class=\"elementor-widget-container\">\n\t\t\t\t\t\t\t<div class=\"onenine-icon-box icon-type-image \">\n\t\t\t\t\t\t\t<div class=\"onenine-icon-box__overlay\"><\/div>\n\t\t\t\t\t\t<div class=\"onenine-icon-box__icon onenine-icon-box__icon--image\">\n\t\t\t\t<img decoding=\"async\" alt=\"\" src=\"https:\/\/heza.gov.vn\/wp-content\/uploads\/2023\/06\/user-demo.png\">\t\t\t<\/div>\n\t\t\t<div class=\"onenine-icon-box__wrapper\">\n\t\t\t\t\t\t\t\t\t\t\t\t\t<div class=\"onenine-icon-box__content\"><b style=\"color:#007BB0\">Ph\u00f3 Tr\u01b0\u1edfng Ban<\/b>\n<b style=\"color:#007BB0;font-size: 14px\">Nguy\u1ec5n V\u0103n Chu\u1ea9n<\/b><\/div>\n\t\t\t\t\t\t\t<\/div>\n\t\t\t<a href=\"#\" class=\"onenine-icon-box__button\">\t\t\t\t<span class=\"onenine-svg-icon onenine-svg-icon--arrow-right\" ><svg width=\"24\" height=\"24\" aria-hidden=\"true\" role=\"img\" focusable=\"false\" viewBox=\"0 0 41 32\"><path d=\"M2.286 13.943c-1.136 0-2.057 0.921-2.057 2.057s0.921 2.057 2.057 2.057v-4.114zM40.312 17.455c0.803-0.803 0.803-2.106 0-2.909l-13.092-13.092c-0.803-0.803-2.106-0.803-2.909 0s-0.803 2.106 0 2.909l11.637 11.637-11.637 11.637c-0.803 0.803-0.803 2.106 0 2.909s2.106 0.803 2.909 0l13.092-13.092zM2.286 18.057h36.571v-4.114h-36.571v4.114z\"><\/path><\/svg><\/span>\t\t\t<\/a>\t\t\t\t\t<\/div>\n\t\t\t\t\t\t<\/div>\n\t\t\t\t<\/div>\n\t\t\t\t\t<\/div>\n\t\t<\/div>\n\t\t\t\t\t<\/div>\n\t\t<\/section>\n\t\t\t\t\t<\/div>\n\t\t<\/div>\n\t\t\t\t\t<\/div>\n\t\t<\/section>\n\t\t\t\t<section class=\"elementor-section elementor-top-section elementor-element elementor-element-5f6bb20 elementor-section-boxed elementor-section-height-default elementor-section-height-default\" data-id=\"5f6bb20\" data-element_type=\"section\">\n\t\t\t\t\t\t<div class=\"elementor-container elementor-column-gap-default\">\n\t\t\t\t\t<div class=\"elementor-column elementor-col-100 elementor-top-column elementor-element elementor-element-a5c9462\" data-id=\"a5c9462\" data-element_type=\"column\">\n\t\t\t<div class=\"elementor-widget-wrap\">\n\t\t\t\t\t\t\t<\/div>\n\t\t<\/div>\n\t\t\t\t\t<\/div>\n\t\t<\/section>\n\t\t\t\t<section class=\"elementor-section elementor-top-section elementor-element elementor-element-c6b0f7d elementor-section-boxed elementor-section-height-default elementor-section-height-default\" data-id=\"c6b0f7d\" data-element_type=\"section\">\n\t\t\t\t\t\t<div class=\"elementor-container elementor-column-gap-default\">\n\t\t\t\t\t<div class=\"elementor-column elementor-col-100 elementor-top-column elementor-element elementor-element-d52ecb6\" data-id=\"d52ecb6\" data-element_type=\"column\">\n\t\t\t<div class=\"elementor-widget-wrap\">\n\t\t\t\t\t\t\t<\/div>\n\t\t<\/div>\n\t\t\t\t\t<\/div>\n\t\t<\/section>\n\t\t\t\t<\/div>\n\t\t","protected":false},"excerpt":{"rendered":"<p>L\u00c3NH \u0110\u1ea0O BAN NG\u00c0NH &#8211; Tr\u01b0\u1edfng Ban- Ph\u00f3 Tr\u01b0\u1edfng Ban Nguy\u1ec5n Th\u1ecb Th\u00fay H\u1eb1ng Ph\u00f3 Tr\u01b0\u1edfng Ban Nguy\u1ec5n Danh T\u00fa Ph\u00f3 Tr\u01b0\u1edfng Ban Nguy\u1ec5n Quang Minh Ph\u00f3 Tr\u01b0\u1edfng Ban D\u01b0\u01a1ng V\u0103n Xuy\u00ean Ph\u00f3 Tr\u01b0\u1edfng Ban Nguy\u1ec5n Th\u1ecb B\u00edch Dung Ph\u00f3 Tr\u01b0\u1edfng Ban Nguy\u1ec5n Trung Ki\u00ean Ph\u00f3 Tr\u01b0\u1edfng Ban Nguy\u1ec5n V\u0103n Chu\u1ea9n<\/p>\n","protected":false},"author":1,"featured_media":0,"parent":0,"menu_order":0,"comment_status":"closed","ping_status":"closed","template":"","meta":{"_acf_changed":false,"footnotes":""},"class_list":["post-1016","page","type-page","status-publish","hentry"],"acf":[],"featured_image_url":null,"_links":{"self":[{"href":"https:\/\/heza.gov.vn\/index.php?rest_route=\/wp\/v2\/pages\/1016","targetHints":{"allow":["GET"]}}],"collection":[{"href":"https:\/\/heza.gov.vn\/index.php?rest_route=\/wp\/v2\/pages"}],"about":[{"href":"https:\/\/heza.gov.vn\/index.php?rest_route=\/wp\/v2\/types\/page"}],"author":[{"embeddable":true,"href":"https:\/\/heza.gov.vn\/index.php?rest_route=\/wp\/v2\/users\/1"}],"replies":[{"embeddable":true,"href":"https:\/\/heza.gov.vn\/index.php?rest_route=%2Fwp%2Fv2%2Fcomments&post=1016"}],"version-history":[{"count":70,"href":"https:\/\/heza.gov.vn\/index.php?rest_route=\/wp\/v2\/pages\/1016\/revisions"}],"predecessor-version":[{"id":92533,"href":"https:\/\/heza.gov.vn\/index.php?rest_route=\/wp\/v2\/pages\/1016\/revisions\/92533"}],"wp:attachment":[{"href":"https:\/\/heza.gov.vn\/index.php?rest_route=%2Fwp%2Fv2%2Fmedia&parent=1016"}],"curies":[{"name":"wp","href":"https:\/\/api.w.org\/{rel}","templated":true}]}}